{"id":434,"date":"2015-07-21T14:58:14","date_gmt":"2015-07-21T14:58:14","guid":{"rendered":"https:\/\/vfw.diebin.at\/?page_id=434"},"modified":"2026-03-12T11:51:17","modified_gmt":"2026-03-12T10:51:17","slug":"aktivitaeten","status":"publish","type":"page","link":"https:\/\/vfw.or.at\/index.php\/aktivitaeten\/","title":{"rendered":"Aktivit\u00e4ten"},"content":{"rendered":"\n<p>Der VfW will feministische Wissenschafteri*nnen unterst\u00fctzen, also auch uns selbst, die (wir) in der \u00f6sterreichischen Wissenschaftslandschaft unter zunehmend prek\u00e4ren sozio-\u00f6konomischen Bedingungen arbeiten. Der Austausch \u00fcber die inhaltliche Weiterentwicklung feministischer Wissenschaften ist dabei ein zentrales Anliegen.<\/p>\n\n\n\n<p>Wie lassen sich diese Zielsetzungen in gemeinsames Handeln \u00fcbersetzen? Mittels welcher Aktivit\u00e4ten geht das im Einzelnen? Treffen, diskutieren, lesen, schreiben, organisieren, Kontakte &#8217;nach au\u00dfen&#8216; herstellen und halten, es zulassen und erm\u00f6glichen, dass Formen und Themen kommen und gehen \u2026 seit seiner Gr\u00fcndung hat der VfW dies unter anderem mit Folgendem getan:<\/p>\n\n\n\n<p>In den ersten Jahren zentrale Jours Fixes in Wien, regionale Teams in Bundesl\u00e4ndern, Arbeitsgruppen zu bestimmten Themen wie Prekarisierung, <a href=\"https:\/\/www.vfw.or.at\/index.php\/archiv\/veroffentlichungen\/#sprungmarke2\">politische Stellungnahmen, <\/a> <a href=\"https:\/\/www.vfw.or.at\/archiv\/februar2015\/dokumente\/VfW-Orga-Projekt_Kurzbericht_04.PDF\" target=\"_blank\" rel=\"noreferrer noopener\">Forschungsprojekt<\/a> Organisationsformen feministischer Wissenschaften (2002-2004), Projekttr\u00e4ger bei <strong>\u201e<\/strong>Queering Psychoanalysis\u201c, Mitveranstaltung einer gro\u00dfen Tagung zu feministischer Film- und TV-Theorie (2003), von 2002-2011 \u00f6sterreichweit j\u00e4hrlich realisierte <a href=\"https:\/\/www.vfw.or.at\/archiv\/februar2015\/aktivitaeten\/veranstaltungen.htm\">Symposien<\/a>, <a href=\"https:\/\/www.vfw.or.at\/index.php\/archiv\/veroffentlichungen\/#sprungmarke1\">Buch<\/a> &#8222;Prekarit\u00e4t und Freiheit? Feministische Wissenschaft, Kulturkritik und Selbstorganisation&#8220; (hg.v. Dagmar Fink, Birge Krondorfer, Sabine Prokop, Claudia Brunner) Westf\u00e4lisches Dampfboot 2013, <a href=\"https:\/\/www.vfw.or.at\/index.php\/archiv\/theoriekranzchen-bisher\/\" target=\"_blank\" rel=\"noreferrer noopener\">THEORIEKR\u00c4NZCHEN <\/a>(2015-2018), <span class=\"u2\"><span style=\"color: #cfc71d;\"><strong><em><span style=\"color: #cfc71d;\">feminismen<\/span> diskutieren<\/em><\/strong><\/span><\/span> <span class=\"u2\"><a href=\"https:\/\/www.vfw.or.at\/index.php\/aktivitaeten\/feminismen-diskutieren\/\" target=\"_blank\" rel=\"noopener\">Veranstaltungsreihe<\/a><\/span> seit 2011 (meist in Wien), Newsletter und nicht zuletzt Pr\u00e4senz im Web sowie facebook und seit 2024 auch auf Instagram.<\/p>\n\n\n\n<p><span class=\"u2\">Die VfW-<a href=\"https:\/\/www.vfw.or.at\/index.php\/aktivitaeten\/feminismen-diskutieren\/\" target=\"_blank\" rel=\"noopener\">Veranstaltungsreihe<\/a> <span style=\"color: #cfc71d;\"><strong><em><span style=\"color: #cfc71d;\">feminismen<\/span> diskutieren<\/em><\/strong><\/span> dient dazu, dass feministische Wissenschafteri*nnen und Forscheri*nnen, Aktivisti*nnen und Studenti*nnen (Mitpersonen des VfW bzw. solche, die es <a href=\"https:\/\/www.vfw.or.at\/index.php\/mitfrauen\/\" target=\"_blank\" rel=\"noopener\">werden wollen<\/a>) ihre Arbeiten vorstellen und diskutieren. Ob es Podiumsdiskussionen, Buchpr\u00e4sentationen, Inhalte aus Bachelor- oder Masterarbeiten, Workshops oder andere Formate sind\u00a0&#8211; oder auch Kooperationen mit anderen Initiativen und Einrichtungen -, das liegt ganz im Ermessen der jeweiligen Referenti*nnen.<\/span><\/p>\n\n\n\n<p><span class=\"u2\">Die Inhalte der seit 2011 bestehenden Veranstaltungsreihe <span style=\"color: #cfc71d;\"><strong><em>feminismen diskutieren<\/em><\/strong><\/span> werden <a href=\"https:\/\/www.vfw.or.at\/index.php\/aktivitaeten\/feminismen-diskutieren\/online-publikation\/\" target=\"_blank\" rel=\"noopener\">online publiziert<\/a>, herausgegeben und redaktionell betreut von Sabine Prokop (<span class=\"u2\">2016<\/span><\/span> auch von <span class=\"u2\">Diana Sadounig ).<\/span><\/p>\n\n\n\n<p><span class=\"u2\">Nachzuschauen sind viele <span style=\"color: #cfc71d;\"><em><strong>feminismen diskutieren<\/strong><\/em><\/span> auf dem <a href=\"https:\/\/www.youtube.com\/@depotkunst\/streams\" target=\"_blank\" rel=\"noopener\">Depot-Kanal auf YouTube<\/a> (ab 5\/2022) und <a href=\"http:\/\/frauenhetz.jetzt\/publikationen\/hetz-zum-schauen\/\" target=\"_blank\" rel=\"noopener\">Hetz zum Schauen<\/a> (ab 3\/2021), sowie einige auf dem <a href=\"https:\/\/www.youtube.com\/@mars0815\" target=\"_blank\" rel=\"noreferrer noopener\">Kuku-Kanal auf Youtube<\/a> (ab 10\/2024). Nachzuh\u00f6ren sind einzelne Themen in Sendungen auf <a href=\"https:\/\/noso.at\/\" target=\"_blank\" rel=\"noreferrer noopener\">women on air. <\/a><\/span><br><br><span class=\"u2\">Weitere Infos finden sich im&nbsp;<a href=\"https:\/\/www.vfw.or.at\/index.php\/archiv\/ankuendigungsarchiv\/\" target=\"_blank\" rel=\"noopener\">Terminarchiv<\/a>.<br><\/span><\/p>\n\n\n\n<p>gef\u00f6rdert von &nbsp;&nbsp; <img decoding=\"async\" src=\"https:\/\/www.wien.gv.at\/layout-a\/logo\/ma07-klein.gif\" alt=\"Logo Magistratsabteilung 7\"> (seit 2015) <img loading=\"lazy\" decoding=\"async\" class=\"alignnone wp-image-1961\" src=\"https:\/\/www.vfw.or.at\/wp-content\/uploads\/2015\/07\/Logo_des_Landes_Kaernten-300x66.jpg\" sizes=\"auto, (max-width: 249px) 100vw, 249px\" srcset=\"https:\/\/www.vfw.or.at\/wp-content\/uploads\/2015\/07\/Logo_des_Landes_Kaernten-300x66.jpg 300w, https:\/\/www.vfw.or.at\/wp-content\/uploads\/2015\/07\/Logo_des_Landes_Kaernten.jpg 835w\" alt=\"Logo_des_Landes_Kaernten\" width=\"208\" height=\"46\">(2016)<\/p>\n\n\n\n<hr class=\"wp-block-separator has-alpha-channel-opacity\"\/>\n\n\n\n<h3 class=\"wp-block-heading\">F\u00fcr Verbandsinformationen Mailingliste subskribieren<\/h3>\n\n\n\n<p>Informationen \u00fcber Aktivit\u00e4ten des \u201cVerbands feministischer Wissenschafteri*nnen. Verein zur F\u00f6rderung freier feministischer Wissenschafteri*nnen und feministischer Wissenschaften in \u00d6sterreich\u201d erhalten Sie \u00fcber den <strong>Newsletter<\/strong>. (Subscribieren ist nicht an eine Mitfrauen*schaft gebunden!)<\/p>\n\n\n<div class=\"widget_wysija_cont shortcode_wysija\"><div id=\"msg-form-wysija-shortcode69d29db927732-1\" class=\"wysija-msg ajax\"><\/div><form id=\"form-wysija-shortcode69d29db927732-1\" method=\"post\" action=\"#wysija\" class=\"widget_wysija shortcode_wysija\">\n<p class=\"wysija-paragraph\">\n    <label>Email <span class=\"wysija-required\">*<\/span><\/label>\n    \n    \t<input type=\"text\" name=\"wysija[user][email]\" class=\"wysija-input validate[required,custom[email]]\" title=\"Email\"  value=\"\" \/>\n    \n    \n    \n    <span class=\"abs-req\">\n        <input type=\"text\" name=\"wysija[user][abs][email]\" class=\"wysija-input validated[abs][email]\" value=\"\" \/>\n    <\/span>\n    \n<\/p>\n\r\n<input class=\"wysija-submit wysija-submit-field\" type=\"submit\" value=\"Subscribe!\" \/>\n\n    <input type=\"hidden\" name=\"form_id\" value=\"1\" \/>\n    <input type=\"hidden\" name=\"action\" value=\"save\" \/>\n    <input type=\"hidden\" name=\"controller\" value=\"subscribers\" \/>\n    <input type=\"hidden\" value=\"1\" name=\"wysija-page\" \/>\n\n    \n        <input type=\"hidden\" name=\"wysija[user_list][list_ids]\" value=\"6\" \/>\n    \n <\/form><\/div>\n","protected":false},"excerpt":{"rendered":"<p>Der VfW will feministische Wissenschafteri*nnen unterst\u00fctzen, also auch uns selbst, die (wir) in der \u00f6sterreichischen Wissenschaftslandschaft unter zunehmend prek\u00e4ren sozio-\u00f6konomischen Bedingungen arbeiten. Der Austausch \u00fcber die inhaltliche Weiterentwicklung feministischer Wissenschaften [&hellip;]<\/p>\n","protected":false},"author":1,"featured_media":0,"parent":0,"menu_order":2,"comment_status":"closed","ping_status":"open","template":"","meta":{"footnotes":"","_links_to":"","_links_to_target":""},"class_list":["post-434","page","type-page","status-publish","hentry"],"_links":{"self":[{"href":"https:\/\/vfw.or.at\/index.php\/wp-json\/wp\/v2\/pages\/434","targetHints":{"allow":["GET"]}}],"collection":[{"href":"https:\/\/vfw.or.at\/index.php\/wp-json\/wp\/v2\/pages"}],"about":[{"href":"https:\/\/vfw.or.at\/index.php\/wp-json\/wp\/v2\/types\/page"}],"author":[{"embeddable":true,"href":"https:\/\/vfw.or.at\/index.php\/wp-json\/wp\/v2\/users\/1"}],"replies":[{"embeddable":true,"href":"https:\/\/vfw.or.at\/index.php\/wp-json\/wp\/v2\/comments?post=434"}],"version-history":[{"count":72,"href":"https:\/\/vfw.or.at\/index.php\/wp-json\/wp\/v2\/pages\/434\/revisions"}],"predecessor-version":[{"id":6048,"href":"https:\/\/vfw.or.at\/index.php\/wp-json\/wp\/v2\/pages\/434\/revisions\/6048"}],"wp:attachment":[{"href":"https:\/\/vfw.or.at\/index.php\/wp-json\/wp\/v2\/media?parent=434"}],"curies":[{"name":"wp","href":"https:\/\/api.w.org\/{rel}","templated":true}]}}