{"id":43,"date":"2015-07-13T18:09:54","date_gmt":"2015-07-13T18:09:54","guid":{"rendered":"https:\/\/vfw.diebin.at\/?page_id=43"},"modified":"2024-05-03T15:18:32","modified_gmt":"2024-05-03T13:18:32","slug":"ziele","status":"publish","type":"page","link":"https:\/\/vfw.or.at\/index.php\/zum-verband\/ziele\/","title":{"rendered":"Ziele"},"content":{"rendered":"\n<p>Im Zentrum der Aktivit\u00e4ten des VfW stehen die St\u00e4rkung der feministischen Wissenschafteri*nnen und der Austausch \u00fcber die Weiterentwicklung feministischer Wissenschaften. Gleichzeitig versteht sich der VfW als diskursive und antihierarchische Plattform, in der einzelne Mitfrauen* und Interessierte Aktivit\u00e4ten, Diskussionen und Veranstaltungen initiieren k\u00f6nnen und sollen.<\/p>\n\n\n\n<p>In den einzelnen Bundesl\u00e4ndern nutzen VfW-Kontaktfrauen* lokale Strukturen (und schaffen gegebenenfalls neue) zur gemeinsamen Umsetzung der Verbandsanliegen, Sprachrohr und Interessensvertretung f\u00fcr freie feministische Wissenschafteri*nnen zu sein, und die Vernetzung feministischer Wissenschafteri*nnen in ganz \u00d6sterreich zu erm\u00f6glichen. Sie positionieren feministische Inhalte und feministische Wissenschaften auch in den \u00d6ffentlichkeiten des betreffenden Bundeslands \u2013 je nach Ma\u00dfgabe der M\u00f6glichkeiten vor Ort, etwa \u00fcber Veranstaltungen. So erhalten jene, die sich daf\u00fcr interessieren \u2013 selbst wenn sie sich selbst nicht unbedingt Feministi*nnen nennen wollen \u2013, Zugang zu eben diesen Inhalten.<\/p>\n\n\n\n<p>Was kann der Verband aktiven Mitfrauen* in den Bundesl\u00e4ndern erm\u00f6glichen?<\/p>\n\n\n\n<p><span style=\"color: #cfc71d;\"><strong>\u2022<\/strong> <\/span>&nbsp; pers\u00f6nlichen Austausches, Kennenlernen<br><strong><span style=\"color: #cfc71d;\">\u2022 &nbsp;<\/span>&nbsp;<\/strong>fachlichen Austausch, Synergien<br><strong><span style=\"color: #cfc71d;\">\u2022 <\/span>&nbsp;&nbsp;<\/strong>M\u00f6glichkeit, wissenschaftspolitische Aspekte zu diskutieren und sich aktiv dazu zu verhalten<br><strong><span style=\"color: #cfc71d;\">\u2022 <\/span>&nbsp;&nbsp;<\/strong>Informationsfluss<br><strong><span style=\"color: #cfc71d;\">\u2022 <\/span>&nbsp;&nbsp;<\/strong>Praxis gegen Vereinzelung<br><strong><span style=\"color: #cfc71d;\">\u2022 <\/span>&nbsp;&nbsp;<\/strong>Erfahrungsaustausch<br><strong><span style=\"color: #cfc71d;\">\u2022 <\/span>&nbsp;&nbsp;<\/strong>\u00f6ffentliche Pr\u00e4senz<br><strong><span style=\"color: #cfc71d;\">\u2022<\/span> &nbsp;&nbsp;<\/strong>Lobbying f\u00fcr feministische Wissenschafteri*nnen<\/p>\n\n\n\n<p>VfW-Arbeitsgruppen sind explizit offen f\u00fcr alle interessierten Mitfrauen. Sie werden je nach Bedarf zu bestimmten Themen und Aufgaben sowie zur Vorbereitung, Durchf\u00fchrung und Nachbereitung von gr\u00f6\u00dferen Veranstaltungen und f\u00fcr Forschungsprojekte von den Interessierten und Aktiven gebildet. Inhaltliche Entscheidungen werden soweit wie m\u00f6glich konsensuell unter den partizipierenden Mitfrauen* getroffen, jedenfalls in Abstimmung mit dem Vorstand.<\/p>\n\n\n\n<p><a href=\"https:\/\/www.vfw.or.at\/wp-content\/uploads\/2015\/12\/Seit-mehr-als-15-Jahren.pdf\" target=\"_blank\" rel=\"noopener\">Seit mehr als f\u00fcnfzehn Jahren&nbsp;\u2026&nbsp;gibt es den Verband feministischer Wissenschafteri*nnen (2015)<\/a><br><a href=\"https:\/\/www.vfw.or.at\/wp-content\/uploads\/2015\/08\/gendergerechter_e_sprache-signed.pdf\" target=\"_blank\" rel=\"noopener\">@ gendergerechte_re Sprache (2014)<\/a><\/p>\n\n\n\n<p><a href=\"https:\/\/www.vfw.or.at\/wp-content\/uploads\/2015\/08\/femina_politica_1_2014.pdf\" target=\"_blank\" rel=\"noopener\">Prek\u00e4re Freiheiten? Freie(re) (Nicht-)Prekarit\u00e4t? (2014)<\/a>,<br><a href=\"http:\/\/www.budrich-journals.de\/index.php\/feminapolitica\/article\/view\/16031\/13987\" target=\"_blank\" rel=\"noopener\">http:\/\/www.budrich-journals.de\/index.php\/feminapolitica\/article\/view\/16031\/13987<\/a><\/p>\n\n\n\n<p><a href=\"http:\/\/www.vfw.or.at\/dokumente\/Forschungsprojekt_04.pdf\" target=\"_blank\" rel=\"noopener\">Feministische Wissenschafterinnen brauchen Lobbyarbeit (2004)<\/a>,<\/p>\n\n\n\n<p><a href=\"http:\/\/www.vfw.or.at\/dokumente\/Vernetzung_VfW_Bericht_04.pdf\" target=\"_blank\" rel=\"noopener\">&#8222;Vernetzung feministischer Wissenschafterinnen in \u00d6sterreich&#8220; (2004)<\/a><\/p>\n\n\n\n<p><a href=\"http:\/\/www.vfw.or.at\/dokumente\/paradox_01.pdf\" target=\"_blank\" rel=\"noopener\">Frau-Sein und Wissenschafterin-Sein ist in \u00d6sterreich noch immer gewisserma\u00dfen ein Paradox! (2001)<\/a><\/p>\n\n\n\n<p><a href=\"http:\/\/www.vfw.or.at\/dokumente\/vernetzt_verstrickt_01.pdf\" target=\"_blank\" rel=\"noopener\">Vernetzt \u2013 Verstrickt \u2013 Verbunden. Feministische Wissenschafterinnen in \u00d6sterreich organisieren sich in einem Verband (2001)<\/a><\/p>\n\n\n\n<p><a href=\"http:\/\/www.vfw.or.at\/dokumente\/prekaere_Zeiten_00.pdf\" target=\"_blank\" rel=\"noopener\">Verbunden in prek\u00e4ren Zeiten. Feministische Wissenschafterinnen verschaffen sich verst\u00e4rkt Geh\u00f6r (2000)<\/a><a href=\"https:\/\/www.vfw.or.at\/wp-content\/uploads\/2015\/12\/Seit-mehr-als-15-Jahren.pdf\" target=\"_blank\" rel=\"noopener\"><br><\/a><\/p>\n","protected":false},"excerpt":{"rendered":"<p>Im Zentrum der Aktivit\u00e4ten des VfW stehen die St\u00e4rkung der feministischen Wissenschafteri*nnen und der Austausch \u00fcber die Weiterentwicklung feministischer Wissenschaften. Gleichzeitig versteht sich der VfW als diskursive und antihierarchische Plattform, [&hellip;]<\/p>\n","protected":false},"author":1,"featured_media":0,"parent":31,"menu_order":0,"comment_status":"closed","ping_status":"open","template":"","meta":{"footnotes":"","_links_to":"","_links_to_target":""},"class_list":["post-43","page","type-page","status-publish","hentry"],"_links":{"self":[{"href":"https:\/\/vfw.or.at\/index.php\/wp-json\/wp\/v2\/pages\/43","targetHints":{"allow":["GET"]}}],"collection":[{"href":"https:\/\/vfw.or.at\/index.php\/wp-json\/wp\/v2\/pages"}],"about":[{"href":"https:\/\/vfw.or.at\/index.php\/wp-json\/wp\/v2\/types\/page"}],"author":[{"embeddable":true,"href":"https:\/\/vfw.or.at\/index.php\/wp-json\/wp\/v2\/users\/1"}],"replies":[{"embeddable":true,"href":"https:\/\/vfw.or.at\/index.php\/wp-json\/wp\/v2\/comments?post=43"}],"version-history":[{"count":35,"href":"https:\/\/vfw.or.at\/index.php\/wp-json\/wp\/v2\/pages\/43\/revisions"}],"predecessor-version":[{"id":5128,"href":"https:\/\/vfw.or.at\/index.php\/wp-json\/wp\/v2\/pages\/43\/revisions\/5128"}],"up":[{"embeddable":true,"href":"https:\/\/vfw.or.at\/index.php\/wp-json\/wp\/v2\/pages\/31"}],"wp:attachment":[{"href":"https:\/\/vfw.or.at\/index.php\/wp-json\/wp\/v2\/media?parent=43"}],"curies":[{"name":"wp","href":"https:\/\/api.w.org\/{rel}","templated":true}]}}