{"id":31,"date":"2015-07-09T14:00:28","date_gmt":"2015-07-09T14:00:28","guid":{"rendered":"https:\/\/vfw.diebin.at\/?page_id=31"},"modified":"2026-04-28T19:56:23","modified_gmt":"2026-04-28T17:56:23","slug":"zum-verband","status":"publish","type":"page","link":"https:\/\/vfw.or.at\/index.php\/zum-verband\/","title":{"rendered":"Zum Verband"},"content":{"rendered":"\n<p>Verein zur F\u00f6rderung freier feministischer Wissenschafteri*nnen und feministischer Wissenschaften in \u00d6sterreich<\/p>\n\n\n\n<p>Der VfW versteht sich als unabh\u00e4ngiger und antihierarchischer Verein, der als Forschungsnetzwerk auf \u00f6sterreichischer und internationaler Ebene feministische Wissenschafteri*nnen vernetzen will und ein Forum f\u00fcr die Entwicklung neuer feministischer Perspektiven im Rahmen wissenschaftlicher und wissenschaftspolititischer Auseinandersetzungen bereitstellt.<\/p>\n\n\n\n<p>Im Zentrum der Aktivit\u00e4ten des VfW stehen die St\u00e4rkung der feministischen Wissenschafteri*nnen, die (wir) in der \u00f6sterreichischen Wissenschaftslandschaft&nbsp;oft unter prek\u00e4ren sozio-\u00f6konomischen Bedingungen arbeiten, und der intensive Austausch \u00fcber die Weiterentwicklung und Vermittlung feministischer Wissenschaften.<\/p>\n\n\n\n<p><strong>Zielgruppe des VfW sind alle sich als feministisch verstehenden und\/oder arbeitenden Wissenschafteri*nnen, Forscheri*nnen, Studenti*nnen, aber auch interessierte Aktivisti*nnen, unabh\u00e4ngig von universit\u00e4ren Statusgruppen und davon, wie sie f\u00fcr ihren Lebensunterhalt aufkommen. Das feministische Wissenschaftsverst\u00e4ndnis des VfW ist ein breites, weshalb unterschiedliche Positionierungen und verschiedene theoretische Zug\u00e4nge willkommen sind.<\/strong><\/p>\n\n\n\n<p>Eine Gruppe von Aktiven aus einer Vielfalt an disziplin\u00e4ren und beruflichen Hintergr\u00fcnden pr\u00e4gten und pr\u00e4gen dementsprechend auch die Arbeit und Aktivit\u00e4ten des im Jahr 2000 gegr\u00fcndeten VfW.<\/p>\n\n\n\n<hr class=\"wp-block-separator has-alpha-channel-opacity\"\/>\n\n\n\n<p>Wenn Sie regelm\u00e4\u00dfige Informationen vom &#8222;Verband feministischer Wissenschafteri*nnen. Verein zur F\u00f6rderung freier feministischer Wissenschafteri*nnen und feministischer Wissenschaften in \u00d6sterreich&#8220; erhalten wollen, melden Sie sich bitte f\u00fcr den <strong>Newsletter<\/strong> an. (Subscribieren ist nicht an eine Mitgliedschaft gebunden!).<\/p>\n\n\n\n<p>Wir arbeiten aktuell an einer neuen automatisierten Newsletter-Anmeldem\u00f6glichkeit. Bitte schickt bis dahin eine formlose Mail mit Betreff &#8222;VfW Newsletter Anmeldung&#8220; an anna.rauchenwald@gmail.com. <\/p>\n\n\n\n<p>Diese moderierte Liste ist&nbsp; f\u00fcr VfW-<b>Verbandsnachrichten<\/b> eingerichtet. F\u00fcr dar\u00fcber hinausgehende Informationen empfehlen wir die&nbsp;Mailinglisten&nbsp;<a href=\"http:\/\/www.jku.at\/content\/e213\/e152\/e128\/e12915\/e12914\/e12892\/e12890\/e12834\" target=\"_blank\" rel=\"noopener\">FEM@LE-L<\/a>, <a href=\"http:\/\/lists.liab.at\/listinfo\/femail\" target=\"_blank\" rel=\"noopener\">Femail <\/a>und&nbsp;die mailingliste der <a href=\"http:\/\/www.ig-elf.at\/index.php?id=43\" target=\"_blank\" rel=\"noopener\">IG-LektorInnen und WissensarbeiterInnen<\/a>.<\/p>\n","protected":false},"excerpt":{"rendered":"<p>Verein zur F\u00f6rderung freier feministischer Wissenschafteri*nnen und feministischer Wissenschaften in \u00d6sterreich Der VfW versteht sich als unabh\u00e4ngiger und antihierarchischer Verein, der als Forschungsnetzwerk auf \u00f6sterreichischer und internationaler Ebene feministische Wissenschafteri*nnen [&hellip;]<\/p>\n","protected":false},"author":1,"featured_media":0,"parent":0,"menu_order":1,"comment_status":"closed","ping_status":"closed","template":"","meta":{"footnotes":"","_links_to":"","_links_to_target":""},"class_list":["post-31","page","type-page","status-publish","hentry"],"_links":{"self":[{"href":"https:\/\/vfw.or.at\/index.php\/wp-json\/wp\/v2\/pages\/31","targetHints":{"allow":["GET"]}}],"collection":[{"href":"https:\/\/vfw.or.at\/index.php\/wp-json\/wp\/v2\/pages"}],"about":[{"href":"https:\/\/vfw.or.at\/index.php\/wp-json\/wp\/v2\/types\/page"}],"author":[{"embeddable":true,"href":"https:\/\/vfw.or.at\/index.php\/wp-json\/wp\/v2\/users\/1"}],"replies":[{"embeddable":true,"href":"https:\/\/vfw.or.at\/index.php\/wp-json\/wp\/v2\/comments?post=31"}],"version-history":[{"count":50,"href":"https:\/\/vfw.or.at\/index.php\/wp-json\/wp\/v2\/pages\/31\/revisions"}],"predecessor-version":[{"id":6130,"href":"https:\/\/vfw.or.at\/index.php\/wp-json\/wp\/v2\/pages\/31\/revisions\/6130"}],"wp:attachment":[{"href":"https:\/\/vfw.or.at\/index.php\/wp-json\/wp\/v2\/media?parent=31"}],"curies":[{"name":"wp","href":"https:\/\/api.w.org\/{rel}","templated":true}]}}