{"id":216,"date":"2015-07-14T14:42:08","date_gmt":"2015-07-14T14:42:08","guid":{"rendered":"https:\/\/vfw.diebin.at\/?page_id=216"},"modified":"2026-03-19T18:38:36","modified_gmt":"2026-03-19T17:38:36","slug":"veroffentlichungen","status":"publish","type":"page","link":"https:\/\/vfw.or.at\/index.php\/archiv\/veroffentlichungen\/","title":{"rendered":"Ver\u00f6ffentlichungen"},"content":{"rendered":"<p><a href=\"https:\/\/www.vfw.or.at\/index.php\/aktivitaeten\/feminismen-diskutieren\/online-publikation\/\" target=\"_blank\" rel=\"noopener noreferrer\"><strong><em>feminismen diskutieren<\/em><\/strong> online<\/a><a href=\"#sprungmarke1\"><br \/>\n<\/a><a href=\"#sprungmarke1\">Buch<\/a> [daraus: <a href=\"https:\/\/www.vfw.or.at\/wp-content\/uploads\/2015\/08\/gendergerechter_e_sprache-signed.pdf\" target=\"_blank\" rel=\"noopener noreferrer\">@ Verwendung einer geschlechtergerechter\/en Sprache<\/a>]\n<a href=\"#sprungmarke2\">Wissenschafts\/politische Stellungnahmen als pdf-Downloads<\/a><br \/>\n<a href=\"#sprungmarke3\">Berichte als pdf-Downloads<\/a><br \/>\n<a href=\"#sprungmarke4\">Miscellaneous als pdf-Downloads<\/a><br \/>\n<a href=\"#sprungmarke5\">Newsletter als pdf-Downloads<\/a><\/p>\n<hr id=\"sprungmarke1\" \/>\n<h3 class=\"u2\">Buch<\/h3>\n<p>Dagmar Fink, Birge Krondorfer, Sabine Prokop, Claudia Brunner (Hrsg._innen)<br \/>\n<strong>Prekarit\u00e4t und Freiheit?<\/strong><br \/>\n<strong>Feministische Wissenschaft, Kulturkritik und Selbstorganisation<\/strong><br \/>\n2013, Verlag Westf\u00e4lisches Dampfboot<br \/>\n281 Seiten &#8211; EUR 19,90<br \/>\nISBN: 978-3-89691-929-8<br \/>\n<a href=\"http:\/\/www.dampfboot-verlag.de\/buecher\/929-8.html\" target=\"_blank\" rel=\"noopener noreferrer\">http:\/\/www.dampfboot-verlag.de\/buecher\/929-8.html<\/a><\/p>\n<p>Thematisiert werden prek\u00e4re Freiheiten anhand von Kollektivit\u00e4t, \u00d6ffentlichkeit, Frauenbewegungsgeschichte, Kultur\/Arbeit, \u00d6konomie, Migration, Wissenschaft, Sexualit\u00e4t, Anerkennungsweisen, Bildung, Alter, Lebensf\u00fchrung.<br \/>\nInhaltsverzeichnis unter: <a href=\"http:\/\/www.dampfboot-verlag.de\/filepool\/getfile\/dampfboot\/?datei=\/dateien\/download\/inh-fink-ua-929.pdf\" target=\"_blank\" rel=\"noopener noreferrer\">http:\/\/www.dampfboot-verlag.de\/filepool\/getfile\/dampfboot\/?datei=\/dateien\/download\/inh-fink-ua-929.pdf<\/a><\/p>\n<p><a href=\"https:\/\/www.vfw.or.at\/wp-content\/uploads\/2015\/08\/gendergerechter_e_sprache-signed.pdf\" target=\"_blank\" rel=\"noopener noreferrer\">@ Verwendung einer geschlechtergerechter\/en Sprache (aus Prekarit\u00e4t und Freiheit?)<\/a><\/p>\n<p><strong>Rezensionen zum Buch:<\/strong><\/p>\n<p><a href=\"http:\/\/www.vfw.or.at\/dokumente\/HU_Berlin_ZftG_2014.pdf\" target=\"_blank\" rel=\"noopener noreferrer\">HU Berlin, ZfGF, Bulletin Info 48, 2014 (von Katharina P\u00fchl)<\/a><br \/>\n<a href=\"http:\/\/www.vfw.or.at\/dokumente\/AEP_3_2013.pdf\" target=\"_blank\" rel=\"noopener noreferrer\">Aep Information 3\/2013 (von Simone Bernard)<\/a><br \/>\n<a href=\"http:\/\/www.vfw.or.at\/dokumente\/anschlaege_2013.pdf\" target=\"_blank\" rel=\"noopener noreferrer\">an.schl\u00e4ge Juli &amp; August 2013 (von Fiona Sara Schmidt)<\/a><br \/>\n<a href=\"http:\/\/www.vfw.or.at\/dokumente\/frauenberatenfrauen_2013.pdf\" target=\"_blank\" rel=\"noopener noreferrer\">frauenberatenfrauen.at 2013 (von Bettina Zehetner)<\/a><br \/>\n<a href=\"http:\/\/www.vfw.or.at\/dokumente\/fembooks_de_7_2013.pdf\" target=\"_blank\" rel=\"noopener noreferrer\">fembooks.de, 10.7.2013 (von Doreen Heide)<\/a><br \/>\n<a href=\"http:\/\/www.vfw.or.at\/dokumente\/femina_politica_2_2013.pdf\" target=\"_blank\" rel=\"noopener noreferrer\">femina politica 2\/2013 (von Magdalena Freudenschuss)<\/a><br \/>\n<a href=\"http:\/\/www.vfw.or.at\/dokumente\/weiberdiwan_at_herbst_2013.pdf\" target=\"_blank\" rel=\"noopener noreferrer\">weiberdiwan.at, Herbst 2013 (von Hilde Grammel)<\/a><br \/>\n<a href=\"http:\/\/www.vfw.or.at\/dokumente\/STICHWORT_36_2013.pdf\" target=\"_blank\" rel=\"noopener noreferrer\">STICHWORT Newsletter 36\/2013 (von Marlene Haider)<\/a><br \/>\n<a href=\"http:\/\/www.vfw.or.at\/dokumente\/Politikwissenschaft_de_11.2013.pdf\" target=\"_blank\" rel=\"noopener noreferrer\">Portal f\u00fcr Politikwissenschaft.de 14.11.2013 (Bj\u00f6rn Wagner)<\/a><br \/>\n<a href=\"http:\/\/www.vfw.or.at\/dokumente\/ak_de_17_12_2013.pdf\" target=\"_blank\" rel=\"noopener noreferrer\">ak &#8211; analyse &amp; kritik &#8211; zeitung f\u00fcr linke Debatte und Praxis \/ Nr. 589 \/ 17.12.2013 (von Sarah Lempp)<\/a><\/p>\n<hr id=\"sprungmarke2\" \/>\n<h3 class=\"u2\">Wissenschafts\/politische Stellungnahmen als pdf-Downloads<\/h3>\n<p><a href=\"https:\/\/www.vfw.or.at\/wp-content\/uploads\/2026\/03\/aufruf_zuverdienstverbot-aufheben-2026.pdf\" target=\"_blank\" rel=\"noopener\">Zuverdienstverbot aufheben! F\u00fcr eine ad\u00e4quate Regelung bei Erwerbslosigkeit<\/a> (Unterst\u00fctzung des Aufrufs von IG Autorinnen Autoren und Kulturrat \u00d6sterreich) (Februar 2026)<br \/>\n<a href=\"https:\/\/www.sosmitmensch.at\/protestkundgebung-gegen-koalition-mit-rassisten-in-niederoesterreich\" target=\"_blank\" rel=\"noopener\">Unterst\u00fctzung der Protestkundgebung &#8222;Keine Koalition mit Rassisten&#8220; vor dem Landhaus in St. P\u00f6lten (23.3.2023)<\/a><br \/>\n<a href=\"https:\/\/www.vfw.or.at\/wp-content\/uploads\/2023\/02\/Protest-gegen-die-Abschaffung-des-Kathe-Leichter-Staatspreises.6.2.23.pdf\" target=\"_blank\" rel=\"noopener\">Protest gegen die Abschaffung des K\u00e4the Leichter-Staatspreises (6.2.2023)<\/a><br \/>\n<a href=\"https:\/\/www.vfw.or.at\/wp-content\/uploads\/2021\/01\/Stellungnahme-des-Verbands-feministischer-Wissenschafteri.nnen-zur-UG-Novelle.pdf\" target=\"_blank\" rel=\"noopener noreferrer\">Stellungnahme des Verbands feministischer Wissenschafteri.nnen zur UG Novelle (15.1.2021)<\/a><br \/>\n<a href=\"https:\/\/www.vfw.or.at\/wp-content\/uploads\/2018\/08\/Protestschreiben_GenderStudies_.pdf\" target=\"_blank\" rel=\"noopener noreferrer\">Protestbrief an die ungarische Regierung gegen die Streichung des MA in Gender Studies (26.8.2018)<\/a><br \/>\n<a href=\"https:\/\/www.vfw.or.at\/wp-content\/uploads\/2018\/01\/Protestbrief_K\u00fcrzungen_O\u00d6_2018.pdf\" target=\"_blank\" rel=\"noopener noreferrer\">Protest gegen die 100%igen Subventionsk\u00fcrzungen f\u00fcr die Frauen*beratungsstellen maiz, FIFTITU% und Arge SIE durch das Frauenreferat des Landes Ober\u00f6sterreich (10.1.2018)<\/a><br \/>\n<a href=\"https:\/\/www.vfw.or.at\/wp-content\/uploads\/2017\/04\/Protest-gegen-die-K\u00fcrzung-von-FEM-feministische-Kommunikationswissenschaft.pdf\" target=\"_blank\" rel=\"noopener noreferrer\">Protest gegen K\u00fcrzung von &#8218;FEM &#8211; feministische Kommunikationswissenschaft&#8216; an der Uni Wien (20.3.2017)<\/a><a href=\"https:\/\/www.vfw.or.at\/wp-content\/uploads\/2017\/04\/Gegen-K\u00fcrzungen-im-Amerlinghaus_2016.pdf\" target=\"_blank\" rel=\"noopener noreferrer\"><br \/>\nProtestbrief <span class=\"u2\">des Verbands feministischer Wissenschafteri*nnen<\/span> an die Stadt Wien gegen K\u00fcrzungen im Kulturzentrum im Amerlinghaus (5.6.2016)<\/a><a href=\"https:\/\/www.vfw.or.at\/wp-content\/uploads\/2015\/08\/Stellungnahme-zum-vorliegenden-Novellenentwurf-des-UG.pdf\" target=\"_blank\" rel=\"noopener noreferrer\"><br \/>\nStellungnahme des Verbands feministischer Wissenschafteri*nnen zum Novellenentwurf des UG\u00a0(20.8.2015)<\/a><br \/>\n<span class=\"u2\"><a href=\"https:\/\/www.vfw.or.at\/wp-content\/uploads\/2015\/08\/StellungnahmeVfW_Proffesur-Gender-Studies.pdf\" target=\"_blank\" rel=\"noopener noreferrer\">Offener Brief des Verbands feministischer Wissenschafteri*nnen zur (nicht mehr vorhandenen) Professur Gender Studies an der Uni Wien (9. 3.2015)<\/a><br \/>\n<\/span><a href=\"http:\/\/www.vfw.or.at\/dokumente\/vfw_stellungnahme_oenorm_a_1080.pdf\" target=\"_blank\" rel=\"noopener noreferrer\">Gegen die Abschaffung der geschlechtergerechten Sprache (\u00d6NORM A 1080) (29.3.2014)<\/a><br \/>\nProtestschreiben an das Institut f\u00fcr Philosophie der Uni Wien gegen den Vortragenden DrDrB. (Nov. 2013) (Pdf wurde nach Klagsdrohung von DrDrB entfernt)<br \/>\n<a href=\"http:\/\/www.vfw.or.at\/dokumente\/Offener_Brief_an_den_FWF_zur_Entwicklung_der_%C3%B6sterreichischen_Forschungsf%C3%B6rderung.pdf\" target=\"_blank\" rel=\"noopener noreferrer\">Offener Brief an den FWF zur Entwicklung der \u00f6sterreichischen Forschungsf\u00f6rderung;<\/a><br \/>\n<a href=\"http:\/\/www.vfw.or.at\/dokumente\/UnterzeichnerInnen_der_Petition_an_den_FWF.pdf\" target=\"_blank\" rel=\"noopener noreferrer\">UnterzeichnerInnen (19.1.2012)<\/a><br \/>\n<a href=\"http:\/\/www.vfw.or.at\/dokumente\/Ges_Gender_Studies_21_9_11.pdf\" target=\"_blank\" rel=\"noopener noreferrer\">Zur Gr\u00fcndung der Gesellschaft f\u00fcr Geschlechterforschung\/Gender Studies in \u00d6sterreich (21.9.2011)<\/a><br \/>\n<a href=\"http:\/\/www.vfw.or.at\/dokumente\/offenerbrief_schmied_21_04_2011.pdf\" target=\"_blank\" rel=\"noopener noreferrer\">Offener Brief an BMin Schmied: Kulturelle Vielfalt statt FremdenUNrecht (21.4.2011)<\/a><br \/>\n<a href=\"http:\/\/www.vfw.or.at\/dokumente\/protest_bmwf_3_2011.pdf\" target=\"_blank\" rel=\"noopener noreferrer\">Protest gegen Streichung der F\u00f6rderungen von Symposien und Druckkosten im BMWF (23.3.2011)<\/a><br \/>\n<a href=\"http:\/\/www.vfw.or.at\/dokumente\/frauendemo_vfw_19_3_2011.pdf\" target=\"_blank\" rel=\"noopener noreferrer\">Forderungen &#8211; bildungspolitisch (Demonstration f\u00fcr Frauenrecht in Wien 19.3.2011)<\/a><br \/>\n<a href=\"http:\/\/www.vfw.or.at\/dokumente\/demoaufruf.pdf\" target=\"_blank\" rel=\"noopener noreferrer\">Demoaufruf gegen das Sparpaket (f\u00fcr 27. 11. 2010)<\/a><br \/>\n<a href=\"http:\/\/www.vfw.or.at\/dokumente\/2010_11_24_pa_sparzwang_endlich_aufgeben_1.pdf\" target=\"_blank\" rel=\"noopener noreferrer\">Sparefrohs am Werk. Pressemitteilung (24.11.2010)<\/a><br \/>\n<a href=\"http:\/\/www.vfw.or.at\/dokumente\/forderungskatalog_2010.pdf\" target=\"_blank\" rel=\"noopener noreferrer\">Forderungskatalog &#8211; arbeitspolitisch (2010)<\/a><br \/>\n<a href=\"http:\/\/www.vfw.or.at\/dokumente\/protest_streichungen_tirol_2010.pdf\" target=\"_blank\" rel=\"noopener noreferrer\">Protest gegen Subventionsvergabe\/Streichungen in Tirol (1.4.2010)<\/a><br \/>\n<a href=\"http:\/\/www.vfw.or.at\/dokumente\/protest_uni_klu_2010.pdf\" target=\"_blank\" rel=\"noopener noreferrer\">Protest gegen die K\u00fcrzungen &#8222;Feministische Wissenschaft \/ Gender Studies&#8220; an der Uni Klagenfurt (16.3.2010)<\/a><br \/>\n<a href=\"http:\/\/www.vfw.or.at\/dokumente\/VfGH-AMS_05.pdf\" target=\"_blank\" rel=\"noopener noreferrer\">\u00a7\u20ac\u00a7\u20ac-Dschungel. VfGH-Beschwerde des VfW in der Causa AMS (2005)<\/a><br \/>\n<a href=\"http:\/\/www.vfw.or.at\/dokumente\/Protest_TUwien-04.pdf\" target=\"_blank\" rel=\"noopener noreferrer\">Protest gegen K\u00fcrzung der Gender-Lehre an der TU Wien (M\u00e4rz 2004)<\/a><br \/>\n<a href=\"http:\/\/www.vfw.or.at\/dokumente\/forderungskatalog_01.pdf\" target=\"_blank\" rel=\"noopener noreferrer\">Forderungskatalog an die Uni Wien (Juni 2001)<\/a><br \/>\n<a href=\"http:\/\/www.vfw.or.at\/dokumente\/speed%20kills_01.pdf\" target=\"_blank\" rel=\"noopener noreferrer\">speed kills \u2026 feministische Wissenschafterinnen? (2001)<\/a><br \/>\n<a href=\"http:\/\/www.vfw.or.at\/dokumente\/VolxTheaterKarawane_01.pdf\" target=\"_blank\" rel=\"noopener noreferrer\">Gegen die italienische Polizeigewalt (1.8.2001)<\/a><br \/>\n<a href=\"http:\/\/www.vfw.or.at\/dokumente\/resolution_00.pdf\" target=\"_blank\" rel=\"noopener noreferrer\">Resolution gegen die Abschaffung des geb\u00fchrenfreien Universit\u00e4tszuganges (5.10.2000)<\/a><br \/>\n<a href=\"http:\/\/www.vfw.or.at\/dokumente\/frauenfoerderplan.pdf\" target=\"_blank\" rel=\"noopener noreferrer\">Stellungnahme zum Entwurf des Frauenf\u00f6rderplanes (2000)<\/a><br \/>\n<a href=\"http:\/\/www.vfw.or.at\/dokumente\/statement_00.pdf\" target=\"_blank\" rel=\"noopener noreferrer\">Statement gegen die schwarz-blaue Bundesregierung (2000)<\/a><\/p>\n<hr id=\"sprungmarke3\" \/>\n<h3 class=\"u2\">Berichte als pdf-Downloads<\/h3>\n<p><a href=\"https:\/\/www.vfw.or.at\/wp-content\/uploads\/2017\/01\/VfW-Frauen_forscherin-2017.pdf\" target=\"_blank\" rel=\"noopener noreferrer\">VfW &#8211; Frauen*forscherin\/univie (SoSe 2017)<\/a><a href=\"https:\/\/www.vfw.or.at\/wp-content\/uploads\/2015\/12\/Seit-mehr-als-15-Jahren.pdf\" target=\"_blank\" rel=\"noopener noreferrer\"><br \/>\nSeit mehr als f\u00fcnfzehn Jahren\u00a0\u2026\u00a0gibt es den Verband feministischer Wissenschafteri*nnen (2015)<\/a><br \/>\n<a href=\"https:\/\/www.vfw.or.at\/wp-content\/uploads\/2015\/08\/femina_politica_1_2014.pdf\" target=\"_blank\" rel=\"noopener noreferrer\">Prek\u00e4re Freiheiten? (2014)<\/a><br \/>\n<a href=\"http:\/\/www.vfw.or.at\/dokumente\/kurzbericht_muse-auf_knopfdruck_2011.pdf\" target=\"_blank\" rel=\"noopener noreferrer\">Muse auf Knopfdruck? Arbeitsverh\u00e4ltnisse der Freischaffenden in Kunst und Wissenschaft (Kurzbericht Graz 2011)<\/a><br \/>\n<a href=\"http:\/\/www.vfw.or.at\/dokumente\/kurzbericht_symposium_ktn_2010.pdf\" target=\"_blank\" rel=\"noopener noreferrer\">Lust &amp; Frust in Strukturen &amp; Institutionen (Kurzbericht Klagenfurt\/Celovec 2010)<\/a><br \/>\n<a href=\"http:\/\/www.vfw.or.at\/dokumente\/kurzbericht_symposium_2009.pdf\" target=\"_blank\" rel=\"noopener noreferrer\">Kein Theater mit der Freitheit. Nachdenken \u00fcber Feminismen und Be-freiung (Wien 2009)<\/a><br \/>\n<a href=\"http:\/\/www.vfw.or.at\/dokumente\/F&amp;P_bericht-artikel_linz08.pdf\" target=\"_blank\" rel=\"noopener noreferrer\">Freiheit &amp; Prekarit\u00e4t (Linz 2008)<br \/>\n<\/a><a href=\"https:\/\/www.vfw.or.at\/wp-content\/uploads\/2016\/06\/FP_reader_Linz08.pdf\" target=\"_blank\" rel=\"noopener noreferrer\">Freiheit &amp; Prekarit\u00e4t \u2013 Reader (Linz 2008)<\/a><br \/>\n<a href=\"https:\/\/www.vfw.or.at\/wp-content\/uploads\/2015\/12\/Prekarit\u00e4t-und-Demokratie_AEP_07.pdf\" target=\"_blank\" rel=\"noopener noreferrer\">Prekarit\u00e4t &amp; Demokratie (Bregenz 2007)<\/a><br \/>\n<a href=\"http:\/\/www.vfw.or.at\/dokumente\/symp-VAU-05_Bericht.pdf\" target=\"_blank\" rel=\"noopener noreferrer\">Gendersensibel, feministisch, frauenpolitisch (Bregenz 2005)<\/a><br \/>\n<a href=\"http:\/\/www.vfw.or.at\/dokumente\/Vernetzung%20feministischer%20Wissenschafterinnen_05.pdf\" target=\"_blank\" rel=\"noopener noreferrer\">Vernetzung feministischer Wissenschafterinnen in \u00d6sterreich (2005)<\/a><br \/>\n<a href=\"http:\/\/www.vfw.or.at\/dokumente\/VfW-Orga-Projekt-Kurzbericht.pdf\" target=\"_blank\" rel=\"noopener noreferrer\">Organisationsprozesse feministischer Wissenschaften (2004)<\/a><br \/>\n<a href=\"http:\/\/www.vfw.or.at\/dokumente\/lobbyarbeit_04.pdf\" target=\"_blank\" rel=\"noopener noreferrer\">Feministische Wissenschafterinnen brauchen Lobbyarbeit (2004)<\/a><br \/>\n<a href=\"http:\/\/www.vfw.or.at\/dokumente\/NOE-wissenschafterinnen_03.pdf\" target=\"_blank\" rel=\"noopener noreferrer\">Feministische Wissenschafterinnen organisieren sich in Nieder\u00f6sterreich (2003)<\/a><br \/>\n<a href=\"http:\/\/www.vfw.or.at\/dokumente\/symp_NOE-03_Bericht.pdf\" target=\"_blank\" rel=\"noopener noreferrer\">vom frauen forschen leben in nieder\u00f6sterreich (St. P\u00f6lten 2003)<\/a><br \/>\n<a href=\"http:\/\/www.vfw.or.at\/dokumente\/SCREENWISE-pressebericht.pdf\" target=\"_blank\" rel=\"noopener noreferrer\">SCREENWISE (2003)<\/a> <a href=\"https:\/\/www.schueren-verlag.de\/programm\/titel\/253--screenwise-film-fernsehen-feminismus.html\" target=\"_blank\" rel=\"noopener\">Publikation<\/a>: Bernold, Monika; Braidt, Andrea; Preschl, Claudia (Hrsg.) (2004): Screenwise: Film, Fernsehen, Feminismus. Marburg: Sch\u00fcren<br \/>\n<a href=\"https:\/\/www.vfw.or.at\/wp-content\/uploads\/2015\/08\/symp-Wien_02_Vielfalt.pdf\" target=\"_blank\" rel=\"noopener noreferrer\">Von der Vielfalt feministisch wissenschaftlichen Arbeitens (Wien 2002)<\/a><br \/>\n<a href=\"http:\/\/www.vfw.or.at\/dokumente\/WS_graz_01.pdf\" target=\"_blank\" rel=\"noopener noreferrer\">\u00d6sterreichweite Vernetzungsstrategien (Graz 2001)<\/a><br \/>\n<a href=\"http:\/\/www.vfw.or.at\/dokumente\/vernetzt_verstrickt_01.pdf\" target=\"_blank\" rel=\"noopener noreferrer\">Vernetzt \u2013 Verstrickt \u2013 Verbunden. Feministische Wissenschafterinnen in \u00d6sterreich organisieren sich in einem Verband (2001)<\/a><br \/>\n<a href=\"http:\/\/www.vfw.or.at\/dokumente\/prekaere_Zeiten_00.pdf\" target=\"_blank\" rel=\"noopener noreferrer\">Verbunden in prek\u00e4ren Zeiten. Feministische Wissenschafterinnen verschaffen sich verst\u00e4rkt Geh\u00f6r (2000)<\/a><\/p>\n<hr id=\"sprungmarke4\" \/>\n<h3 class=\"u2\">Miscellaneous als pdf-Downloads<\/h3>\n<p><a href=\"http:\/\/www.vfw.or.at\/dokumente\/Protest-MAIZ_05.pdf\" target=\"_blank\" rel=\"noopener noreferrer\">Gegen die \u201eUntersagung der Erteilung von Aufenthaltserlaubnissen zum Zweck der Prostitution an rum\u00e4nische Staatsangeh\u00f6rige\u201c (2005)<\/a><br \/>\n<a href=\"http:\/\/www.vfw.or.at\/dokumente\/paradox_01.pdf\" target=\"_blank\" rel=\"noopener noreferrer\">Frau-Sein und Wissenschafterin-Sein ist in \u00d6sterreich noch immer gewisserma\u00dfen ein Paradox (2001)<br \/>\n<\/a><a href=\"http:\/\/www.vfw.or.at\/dokumente\/ORF-01.pdf\" target=\"_blank\" rel=\"noopener noreferrer\">Lasst mehr Frauen zu Wort kommen (Protest an den ORF 2001)<\/a><\/p>\n<p>Materialien zu den Symposien: <a href=\"http:\/\/www.vfw.or.at\/dokumente\/basiskonzept_symp.pdf\" target=\"_blank\" rel=\"noopener noreferrer\">Basiskonzept<\/a>, <a href=\"http:\/\/www.vfw.or.at\/dokumente\/Ablauf_min.pdf\" target=\"_blank\" rel=\"noopener noreferrer\">Ablauf\/Zeitplan<\/a>, <a href=\"http:\/\/www.vfw.or.at\/dokumente\/Vorlaufzeiten.pdf\" target=\"_blank\" rel=\"noopener noreferrer\">Vorlaufzeiten<\/a>, <a href=\"http:\/\/www.vfw.or.at\/dokumente\/Vorzubereiten.pdf\" target=\"_blank\" rel=\"noopener noreferrer\">Vorzubereiten<\/a>, <a href=\"http:\/\/www.vfw.or.at\/dokumente\/Vor-Ort-Orga.pdf\" target=\"_blank\" rel=\"noopener noreferrer\">Vor-Ort-Orga<\/a><\/p>\n<hr id=\"sprungmarke5\" \/>\n<h3 class=\"u2\">Newsletter als pdf-Downloads<\/h3>\n<p><a href=\"http:\/\/www.vfw.or.at\/dokumente\/newsletter_1-gesamt-TEXT.pdf\" target=\"_blank\" rel=\"noopener noreferrer\">KONTAKTAUFNAHME Jg. 1, Nr. 1, Fr\u00fchjahr 2002<\/a><br \/>\n<a href=\"http:\/\/www.vfw.or.at\/dokumente\/newsletter_2-gesamt-TEXT.pdf\" target=\"_blank\" rel=\"noopener noreferrer\">KONTAKTAUFNAHME Jg. 2, Nr. 2, Fr\u00fchjahr 2003<\/a><br \/>\n<a href=\"http:\/\/www.vfw.or.at\/dokumente\/newsletter_3-gesamt-TEXT.pdf\" target=\"_blank\" rel=\"noopener noreferrer\">KONTAKTAUFNAHME Jg. 3, Nr. 3 Fr\u00fchjahr 2005<\/a><br \/>\n<a href=\"http:\/\/www.vfw.or.at\/dokumente\/newsletter_4_gesamt.pdf\" target=\"_blank\" rel=\"noopener noreferrer\">KONTAKTAUFNAHME Jg. 4, Nr. 4 Herbst 2009<\/a><\/p>\n","protected":false},"excerpt":{"rendered":"<p>feminismen diskutieren online Buch [daraus: @ Verwendung einer geschlechtergerechter\/en Sprache] Wissenschafts\/politische Stellungnahmen als pdf-Downloads Berichte als pdf-Downloads Miscellaneous als pdf-Downloads Newsletter als pdf-Downloads Buch Dagmar Fink, Birge Krondorfer, Sabine Prokop, [&hellip;]<\/p>\n","protected":false},"author":1,"featured_media":0,"parent":152,"menu_order":1,"comment_status":"closed","ping_status":"closed","template":"","meta":{"footnotes":"","_links_to":"","_links_to_target":""},"class_list":["post-216","page","type-page","status-publish","hentry"],"_links":{"self":[{"href":"https:\/\/vfw.or.at\/index.php\/wp-json\/wp\/v2\/pages\/216","targetHints":{"allow":["GET"]}}],"collection":[{"href":"https:\/\/vfw.or.at\/index.php\/wp-json\/wp\/v2\/pages"}],"about":[{"href":"https:\/\/vfw.or.at\/index.php\/wp-json\/wp\/v2\/types\/page"}],"author":[{"embeddable":true,"href":"https:\/\/vfw.or.at\/index.php\/wp-json\/wp\/v2\/users\/1"}],"replies":[{"embeddable":true,"href":"https:\/\/vfw.or.at\/index.php\/wp-json\/wp\/v2\/comments?post=216"}],"version-history":[{"count":42,"href":"https:\/\/vfw.or.at\/index.php\/wp-json\/wp\/v2\/pages\/216\/revisions"}],"predecessor-version":[{"id":6083,"href":"https:\/\/vfw.or.at\/index.php\/wp-json\/wp\/v2\/pages\/216\/revisions\/6083"}],"up":[{"embeddable":true,"href":"https:\/\/vfw.or.at\/index.php\/wp-json\/wp\/v2\/pages\/152"}],"wp:attachment":[{"href":"https:\/\/vfw.or.at\/index.php\/wp-json\/wp\/v2\/media?parent=216"}],"curies":[{"name":"wp","href":"https:\/\/api.w.org\/{rel}","templated":true}]}}