{"id":211,"date":"2015-07-14T14:38:36","date_gmt":"2015-07-14T14:38:36","guid":{"rendered":"https:\/\/vfw.diebin.at\/?page_id=211"},"modified":"2015-07-21T04:48:24","modified_gmt":"2015-07-21T04:48:24","slug":"forschungsprojekte-symposien","status":"publish","type":"page","link":"https:\/\/vfw.or.at\/index.php\/archiv\/forschungsprojekte-symposien\/","title":{"rendered":"Forschungsprojekte"},"content":{"rendered":"<p>Im Rahmen des VfW k\u00f6nnen Mitfrauen gemeinsam Forschungsprojekte entwickeln, beantragen und durchf\u00fchren.<\/p>\n<h3 class=\"u2\">Bereits durchgef\u00fchrte Forschungsprojekte<\/h3>\n<p class=\"u3\"><strong>Organisationsprozesse feministischer Wissenschaften in inner- und au\u00dferuniversit\u00e4ren Zusammenh\u00e4ngen:<\/strong><br \/>\n<strong> Bedingungen \u2013 M\u00f6glichkeiten \u2013 Hemmnisse<\/strong><\/p>\n<p><a href=\"http:\/\/www.vfw.or.at\/dokumente\/Kurz_Forschungsprojekt_03.pdf\" target=\"_blank\">Kurzbeschreibung<\/a><br \/>\n<a href=\"http:\/\/www.vfw.or.at\/dokumente\/VfW_Endbericht_04.PDF\" target=\"_blank\">Endbericht<\/a><br \/>\n<a href=\"http:\/\/www.vfw.or.at\/dokumente\/ORGA-PROZESSE-projektantrag_VfW.pdf\" target=\"_blank\">Projektantrag<\/a><br \/>\n<a href=\"http:\/\/www.vfw.or.at\/dokumente\/VfW-Projekt-Kurzbericht.pdf\" target=\"_blank\">Kurzbericht<\/a><br \/>\n<a href=\"http:\/\/www.vfw.or.at\/dokumente\/Forschungsprojekt_04.pdf\" target=\"_blank\">Feministische Wissenschafterinnen brauchen Lobbyarbeit<\/a><\/p>\n<h3 class=\"u2\">M\u00f6gliche Nachfolgeprojekte und erarbeitete Forschungsdesiderata<\/h3>\n<p><a href=\"http:\/\/www.vfw.or.at\/dokumente\/Projektempfehlungen_04.pdf\" target=\"_blank\">Projektempfehlungen<\/a><\/p>\n","protected":false},"excerpt":{"rendered":"<p>Im Rahmen des VfW k\u00f6nnen Mitfrauen gemeinsam Forschungsprojekte entwickeln, beantragen und durchf\u00fchren. Bereits durchgef\u00fchrte Forschungsprojekte Organisationsprozesse feministischer Wissenschaften in inner- und au\u00dferuniversit\u00e4ren Zusammenh\u00e4ngen: Bedingungen \u2013 M\u00f6glichkeiten \u2013 Hemmnisse Kurzbeschreibung Endbericht [&hellip;]<\/p>\n","protected":false},"author":1,"featured_media":0,"parent":152,"menu_order":2,"comment_status":"closed","ping_status":"closed","template":"","meta":{"footnotes":"","_links_to":"","_links_to_target":""},"class_list":["post-211","page","type-page","status-publish","hentry"],"_links":{"self":[{"href":"https:\/\/vfw.or.at\/index.php\/wp-json\/wp\/v2\/pages\/211","targetHints":{"allow":["GET"]}}],"collection":[{"href":"https:\/\/vfw.or.at\/index.php\/wp-json\/wp\/v2\/pages"}],"about":[{"href":"https:\/\/vfw.or.at\/index.php\/wp-json\/wp\/v2\/types\/page"}],"author":[{"embeddable":true,"href":"https:\/\/vfw.or.at\/index.php\/wp-json\/wp\/v2\/users\/1"}],"replies":[{"embeddable":true,"href":"https:\/\/vfw.or.at\/index.php\/wp-json\/wp\/v2\/comments?post=211"}],"version-history":[{"count":6,"href":"https:\/\/vfw.or.at\/index.php\/wp-json\/wp\/v2\/pages\/211\/revisions"}],"predecessor-version":[{"id":372,"href":"https:\/\/vfw.or.at\/index.php\/wp-json\/wp\/v2\/pages\/211\/revisions\/372"}],"up":[{"embeddable":true,"href":"https:\/\/vfw.or.at\/index.php\/wp-json\/wp\/v2\/pages\/152"}],"wp:attachment":[{"href":"https:\/\/vfw.or.at\/index.php\/wp-json\/wp\/v2\/media?parent=211"}],"curies":[{"name":"wp","href":"https:\/\/api.w.org\/{rel}","templated":true}]}}