{"id":202,"date":"2015-07-14T14:32:31","date_gmt":"2015-07-14T14:32:31","guid":{"rendered":"https:\/\/vfw.diebin.at\/?page_id=202"},"modified":"2026-04-23T12:33:51","modified_gmt":"2026-04-23T10:33:51","slug":"feminismen-diskutieren","status":"publish","type":"page","link":"https:\/\/vfw.or.at\/index.php\/aktivitaeten\/feminismen-diskutieren\/","title":{"rendered":"feminismen diskutieren-Veranstaltungen"},"content":{"rendered":"\n<hr class=\"wp-block-separator has-alpha-channel-opacity\"\/>\n\n\n\n<p>Dienstag, <strong>5. Mai 2026, 18 Uhr<\/strong> <span style=\"color: #cfc71d;\"><em><strong>feminismen diskutieren<\/strong><\/em><\/span><em><strong>   <\/strong><\/em><br>in der <a href=\"http:\/\/frauenhetz.jetzt\/\" target=\"_blank\" rel=\"noreferrer noopener\">Frauenhetz<\/a>, Untere Wei\u00dfgerberstra\u00dfe 41, 1030 Wien, <br>Vortrag auch per Zoom bei Anmeldung bis Monat, 4.5. 12 Uhr an <a href=\"mailto:pr@frauenhetz.at\">pr<\/a>@frauenhetz<br><br><strong><strong>Klima-Gender-Konflikt-Nexus<\/strong><\/strong><br>Welchen Einfluss haben Geschlechternormen und damit verbunden beispielsweise der Zugang zu nat\u00fcrlichen Ressourcen und Landrechten auf die Betroffenheit von Klimaauswirkungen? Inwiefern ver\u00e4ndert die Klimakrise Geschlechterrollen? Inwieweit verst\u00e4rkt die Klimakrise Ursachen f\u00fcr (Gewalt-)Konflikte und stellt ein Risiko f\u00fcr Frieden sowie menschliche und \u00f6kologische Sicherheit dar? Hinzukommt die Frage, welche geschlechtsbedingten Auswirkungen Konflikte haben k\u00f6nnen. Der Zusammenhang dieser drei Dimensionen wird anhand existierender Forschungen untersucht und die Relevanz f\u00fcr L\u00f6sungsstrategien aufgezeigt.<\/p>\n\n\n\n<p>Vortrag von <strong>Paula Kowall<\/strong>, Sozialwissenschafterin, Wien<br>Moderation (Frauenhetz) <br>In Kooperation mit der <a href=\"http:\/\/frauenhetz.jetzt\/\" target=\"_blank\" rel=\"noreferrer noopener\">Frauenhetz<\/a> <br><em>gef\u00f6rdert von\u00a0 <img loading=\"lazy\" decoding=\"async\" width=\"100\" height=\"40\" class=\"wp-image-4186\" style=\"width: 100px;\" src=\"https:\/\/www.vfw.or.at\/wp-content\/uploads\/2021\/07\/SW_Logo_pos_cmyk.jpg\" alt=\"Stadt Wien Kultur\" srcset=\"https:\/\/vfw.or.at\/wp-content\/uploads\/2021\/07\/SW_Logo_pos_cmyk.jpg 1179w, https:\/\/vfw.or.at\/wp-content\/uploads\/2021\/07\/SW_Logo_pos_cmyk-300x121.jpg 300w, https:\/\/vfw.or.at\/wp-content\/uploads\/2021\/07\/SW_Logo_pos_cmyk-1024x413.jpg 1024w, https:\/\/vfw.or.at\/wp-content\/uploads\/2021\/07\/SW_Logo_pos_cmyk-768x309.jpg 768w, https:\/\/vfw.or.at\/wp-content\/uploads\/2021\/07\/SW_Logo_pos_cmyk-600x242.jpg 600w\" sizes=\"auto, (max-width: 100px) 100vw, 100px\" \/><\/em><\/p>\n\n\n\n<hr class=\"wp-block-separator has-alpha-channel-opacity\"\/>\n\n\n\n<p>Dienstag, <strong>19. Mai 2026, 19 Uhr<\/strong> <span style=\"color: #cfc71d;\"><em><strong>feminismen diskutieren<\/strong><\/em><\/span><em><strong> <\/strong><\/em><br>im <a href=\"http:\/\/www.depot.or.at\" target=\"_blank\" rel=\"noreferrer noopener\">Depot<\/a>, Breite Gasse 3, 1070 Wien, auch als Livestream via YouTube <a href=\"https:\/\/youtu.be\/h-0GYZ8pDKs\">https:\/\/youtu.be\/h-0GYZ8pDKs<\/a><\/p>\n\n\n\n<p><strong>Verwandtschaft und Gef\u00e4hrt*innen in Comics<\/strong> <br>Die Idee der Gef\u00e4hrt*innenschaft bietet eine alternative Form des Zusammenlebens. Menschliche Beziehungen wurden durch die traditionellen Konzepte Familie und Verwandtschaft&nbsp;strukturiert, um k\u00f6rperliche und emotionale Bed\u00fcrfnisse zu befriedigen und die Arbeitskraft wiederherzustellen. Am Beispiel der erfolgreichen Comicserie <em>Hilda<\/em> werden K\u00f6rper gezeigt, die sich der Binarit\u00e4t Tier\/Mensch entziehen. Diese Wesen stellen einen fruchtbaren Boden f\u00fcr Beziehungen abseits patriarchaler Normen dar, weil sie nicht auf repressiven Kategorisierungen wie Geschlecht, <em>race <\/em>oder Spezie beruhen. Wie ge- oder misslingt dadurch Gef\u00e4hrt*innenschaft?<br><br>Vortrag von <strong>V.<\/strong> <strong>Erin Sedelmaier<\/strong>, Kulturwissenschafter*in, Multiplikator*in in queerer Bildungsarbeit, Wien,<br>Moderation Sabine Prokop (VfW)<br>In Kooperation mit dem <a href=\"http:\/\/www.depot.or.at\" target=\"_blank\" rel=\"noreferrer noopener\">Depot<\/a> <br><em>gef\u00f6rdert von&nbsp; <img loading=\"lazy\" decoding=\"async\" width=\"100\" height=\"40\" class=\"wp-image-4186\" style=\"width: 100px;\" src=\"https:\/\/www.vfw.or.at\/wp-content\/uploads\/2021\/07\/SW_Logo_pos_cmyk.jpg\" alt=\"Stadt Wien Kultur\" srcset=\"https:\/\/vfw.or.at\/wp-content\/uploads\/2021\/07\/SW_Logo_pos_cmyk.jpg 1179w, https:\/\/vfw.or.at\/wp-content\/uploads\/2021\/07\/SW_Logo_pos_cmyk-300x121.jpg 300w, https:\/\/vfw.or.at\/wp-content\/uploads\/2021\/07\/SW_Logo_pos_cmyk-1024x413.jpg 1024w, https:\/\/vfw.or.at\/wp-content\/uploads\/2021\/07\/SW_Logo_pos_cmyk-768x309.jpg 768w, https:\/\/vfw.or.at\/wp-content\/uploads\/2021\/07\/SW_Logo_pos_cmyk-600x242.jpg 600w\" sizes=\"auto, (max-width: 100px) 100vw, 100px\" \/><\/em><br><em>ACHTUNG: das Depot (WC) ist leider <strong>nicht barrierefrei <\/strong>ausgestattet!!<\/em><\/p>\n\n\n\n<hr class=\"wp-block-separator has-alpha-channel-opacity\"\/>\n\n\n\n<p>Donnerstag, <strong>18. Juni 2026, 19 Uhr<\/strong> <span style=\"color: #cfc71d;\"><em><strong>feminismen diskutieren<\/strong><\/em><\/span><em><strong> <\/strong><\/em><br>im <a href=\"http:\/\/www.depot.or.at\" target=\"_blank\" rel=\"noreferrer noopener\">Depot<\/a>, Breite Gasse 3, 1070 Wien, auch als Livestream via YouTube <a href=\"https:\/\/youtu.be\/Dx6y-he_y3M\">https:\/\/youtu.be\/Dx6y-he_y3M<\/a><\/p>\n\n\n\n<p><strong><strong>Karikatur Humor Ironie Strategie<\/strong><\/strong><br>Karikaturen am\u00fcsieren, irritieren, regen zum Nachdenken an \u2013 oder \u00e4rgern uns. Als ein Humor, der entwaffnet, wird Ironie beschrieben. Sie ist jedenfalls eine \u00dcberlebensstrategie in Anbetracht komplexer, subversiver, bedr\u00fcckender und hegemonialer Ideologien. Die politische Karikatur erzeugt eine kritische Aussage zur Chronik der Zeit\u2013 etwa Ironimus, der mit wenigen Strichen Kommentare zu Ereignissen oder zu Pers\u00f6nlichkeiten aus Politik, Kunst und Kultur schuf. Wie schaffen das heute Marjane Satrapi oder Liv Str\u00f6mquist?<br><br>Podium mit  <br><strong>Barbara Schlesinger G\u00f3mez<\/strong>, Medizinerin, Kulturwissenschafterin, Klagenfurt\/Celovec<br>und<br><strong>Sabine Prokop<\/strong>, K\u00fcnstlerin, Kultur- und Medienwissenschafterin, Wien und Bad Traunstein<br>In Kooperation mit dem <a href=\"http:\/\/www.depot.or.at\" target=\"_blank\" rel=\"noreferrer noopener\">Depot<\/a> <br><em>gef\u00f6rdert von&nbsp; <img loading=\"lazy\" decoding=\"async\" width=\"100\" height=\"40\" class=\"wp-image-4186\" style=\"width: 100px;\" src=\"https:\/\/www.vfw.or.at\/wp-content\/uploads\/2021\/07\/SW_Logo_pos_cmyk.jpg\" alt=\"Stadt Wien Kultur\" srcset=\"https:\/\/vfw.or.at\/wp-content\/uploads\/2021\/07\/SW_Logo_pos_cmyk.jpg 1179w, https:\/\/vfw.or.at\/wp-content\/uploads\/2021\/07\/SW_Logo_pos_cmyk-300x121.jpg 300w, https:\/\/vfw.or.at\/wp-content\/uploads\/2021\/07\/SW_Logo_pos_cmyk-1024x413.jpg 1024w, https:\/\/vfw.or.at\/wp-content\/uploads\/2021\/07\/SW_Logo_pos_cmyk-768x309.jpg 768w, https:\/\/vfw.or.at\/wp-content\/uploads\/2021\/07\/SW_Logo_pos_cmyk-600x242.jpg 600w\" sizes=\"auto, (max-width: 100px) 100vw, 100px\" \/><\/em><br><em>ACHTUNG: das Depot (WC) ist leider <strong>nicht barrierefrei <\/strong>ausgestattet!<\/em><\/p>\n\n\n\n<hr class=\"wp-block-separator has-alpha-channel-opacity\"\/>\n\n\n\n<p>weitere <span style=\"color: #cfc71d;\"><em><strong>feminismen diskutieren<\/strong><\/em><\/span> in Planung, Vorschl\u00e4ge sind herzlich willkommen!<span data-sheets-formula-bar-text-style=\"font-size:15px;color:#000000;font-weight:normal;text-decoration:none;font-family:'docs-Calibri';font-style:normal;text-decoration-skip-ink:none;\">&nbsp;<\/span><\/p>\n\n\n\n<hr class=\"wp-block-separator has-alpha-channel-opacity\"\/>\n\n\n\n<p>Die VfW-Veranstaltungsreihe <strong><em>feminismen diskutieren<\/em><\/strong>&nbsp; dient dazu, dass feministische Wissenschafteri*nnen und Forscheri*nnen, Aktivisti*nnen und Studenti*nnen (Mitfrauen* des VfW bzw. solche, die es <a href=\"https:\/\/www.vfw.or.at\/index.php\/mitfrauen\/\" target=\"_blank\" rel=\"noreferrer noopener\">werden wollen<\/a>) ihre Arbeiten vorstellen und diskutieren.<\/p>\n\n\n\n<p><span class=\"u2\">Ob es Podiumsdiskussionen, Buchpr\u00e4sentationen, Inhalte aus Forschungsprojekten, Bachelor- oder Masterarbeiten, Workshops oder andere Formate sind &#8211; oder auch Kooperationen mit anderen Initiativen und Einrichtungen -, das liegt ganz im Ermessen der jeweiligen Referenti*nnen.<\/span><\/p>\n\n\n\n<p>Als Dankesch\u00f6n erhalten die Referenti*nnen, Respondenti*nnen und Podiumsdiskutanti*nnen f\u00fcr ihre Arbeit eine gratis Jahresmitfrauen*schaft im VfW (<a href=\"https:\/\/www.vfw.or.at\/index.php\/mitfrauen\/\" target=\"_blank\" rel=\"noreferrer noopener\">https:\/\/www.vfw.or.at\/index.php\/mitfrauen\/ <\/a>). Kommen diese nicht aus Wien, erhalten sie nach Absprache auch die Fahrtkosten (adequat 2.Kl. Bahn) \u2013 soweit m\u00f6glich aus der Vereinskassa ggf. anteilsm\u00e4\u00dfig &#8211; erstattet. Au\u00dferdem werden den&nbsp;Referenti*nnen f\u00fcr ihre Beitr\u00e4ge Abstandshonorare &#8211; je nach Subventionslage &#8211; angeboten.<\/p>\n\n\n\n<p>Die Beitr\u00e4ge zu <span style=\"color: #cfc71d;\"><em><strong>feminismen <span style=\"color: #cfc71d;\">diskutieren<\/span><\/strong><\/em><\/span> k\u00f6nnen gerne im Rahmen der <a href=\"http:\/\/www.vfw.or.at\/index.php\/aktivitaeten\/feminismen-diskutieren\/online-publikation\" target=\"_blank\" rel=\"noopener noreferrer\">Online-Publikation<\/a> auf der Verbandswebsite (PDF-Files max. 10 MB\/file) ver\u00f6ffentlicht werden.<\/p>\n\n\n\n<p><span class=\"u2\">Mehr Infos zu den bisherigen <span style=\"color: #cfc71d;\"><strong><em>feminismen diskutieren<\/em><\/strong><\/span>-Veranstaltungen finden sich im&nbsp;<a href=\"https:\/\/www.vfw.or.at\/index.php\/archiv\/ankuendigungsarchiv\/\" target=\"_blank\" rel=\"noopener noreferrer\">Ank\u00fcndigungsarchiv<\/a>.<br><\/span><\/p>\n\n\n\n<p><span class=\"u2\">Es sind immer wieder Termine frei, Interessenti*nnen bitte melden!<br>Kontakt f\u00fcr die inhaltliche Detailabsprache und Organisatorisches<br><a href=\"mailto:sabine.prokop@gmx.at\">sabine.prokop@gmx.at<\/a>,<\/span><\/p>\n","protected":false},"excerpt":{"rendered":"<p>Dienstag, 5. Mai 2026, 18 Uhr feminismen diskutieren in der Frauenhetz, Untere Wei\u00dfgerberstra\u00dfe 41, 1030 Wien, Vortrag auch per Zoom bei Anmeldung bis Monat, 4.5. 12 Uhr an pr@frauenhetz Klima-Gender-Konflikt-NexusWelchen [&hellip;]<\/p>\n","protected":false},"author":1,"featured_media":0,"parent":434,"menu_order":1,"comment_status":"closed","ping_status":"closed","template":"","meta":{"footnotes":"","_links_to":"","_links_to_target":""},"class_list":["post-202","page","type-page","status-publish","hentry"],"_links":{"self":[{"href":"https:\/\/vfw.or.at\/index.php\/wp-json\/wp\/v2\/pages\/202","targetHints":{"allow":["GET"]}}],"collection":[{"href":"https:\/\/vfw.or.at\/index.php\/wp-json\/wp\/v2\/pages"}],"about":[{"href":"https:\/\/vfw.or.at\/index.php\/wp-json\/wp\/v2\/types\/page"}],"author":[{"embeddable":true,"href":"https:\/\/vfw.or.at\/index.php\/wp-json\/wp\/v2\/users\/1"}],"replies":[{"embeddable":true,"href":"https:\/\/vfw.or.at\/index.php\/wp-json\/wp\/v2\/comments?post=202"}],"version-history":[{"count":846,"href":"https:\/\/vfw.or.at\/index.php\/wp-json\/wp\/v2\/pages\/202\/revisions"}],"predecessor-version":[{"id":6124,"href":"https:\/\/vfw.or.at\/index.php\/wp-json\/wp\/v2\/pages\/202\/revisions\/6124"}],"up":[{"embeddable":true,"href":"https:\/\/vfw.or.at\/index.php\/wp-json\/wp\/v2\/pages\/434"}],"wp:attachment":[{"href":"https:\/\/vfw.or.at\/index.php\/wp-json\/wp\/v2\/media?parent=202"}],"curies":[{"name":"wp","href":"https:\/\/api.w.org\/{rel}","templated":true}]}}