{"id":152,"date":"2015-07-14T12:19:44","date_gmt":"2015-07-14T12:19:44","guid":{"rendered":"https:\/\/vfw.diebin.at\/?page_id=152"},"modified":"2016-03-27T14:08:13","modified_gmt":"2016-03-27T12:08:13","slug":"archiv","status":"publish","type":"page","link":"https:\/\/vfw.or.at\/index.php\/archiv\/","title":{"rendered":"Archiv"},"content":{"rendered":"<p>Der VfW will feministische Wissenschafteri*nnen unterst\u00fctzen, also auch uns selbst, die (wir) in der \u00f6sterreichischen Wissenschaftslandschaft unter zunehmend prek\u00e4ren sozio-\u00f6konomischen Bedingungen arbeiten. Der Austausch \u00fcber die inhaltliche Weiterentwicklung feministischer Wissenschaften ist dabei ein zentrales Anliegen.<\/p>\n<p>Wie lassen sich diese Zielsetzungen in gemeinsames Handeln \u00fcbersetzen? Mittels welcher Aktivit\u00e4ten geht das im Einzelnen?<br \/>\nTreffen, diskutieren, lesen, schreiben, organisieren, Kontakte \u201enach au\u00dfen\u201c herstellen und halten, es zulassen und erm\u00f6glichen, dass Formen und Themen kommen und gehen, dabei Elemente einer Tradition, einer Genealogie, eines Eigen-Profils kreieren \u2026 seit seiner Gr\u00fcndung hat der VfW dies unter anderem in folgender Weise getan:<\/p>\n<p><span style=\"color: #cfc71d;\"><strong>\u2022<\/strong> <\/span>\u00a0 Einrichtung regionaler Teams in Nieder\u00f6sterreich, Vorarlberg und Wien<br \/>\n<strong><span style=\"color: #cfc71d;\">\u2022<\/span> \u00a0\u00a0<\/strong>Formierung in Arbeitsgruppen zu bestimmten Themen wie Prekarisierung oder Wissenschafteri*nnen-\u201eNachwuchs\u201c,<br \/>\n<span style=\"color: #cfc71d;\"><strong>\u2022<\/strong><\/span>\u00a0 \u00a0Durchf\u00fchrung eines umfangreichen <a href=\"http:\/\/www.vfw.or.at\/dokumente\/VfW-Orga-Projekt_Kurzbericht_04.PDF\" target=\"_blank\">Forschungsprojekts<\/a> zu den Organisationsformen feministischer Wissenschaften,<br \/>\n<span style=\"color: #cfc71d;\"><strong>\u2022<\/strong><\/span>\u00a0 \u00a0Mitveranstaltung einer gro\u00dfen Tagung zu feministischer Film- und TV-Theorie<br \/>\n<span style=\"color: #cfc71d;\"><strong>\u2022<\/strong><\/span>\u00a0\u00a0 u.v.m.<br \/>\n<span style=\"color: #cfc71d;\"><strong>\u2022<\/strong>\u00a0<\/span> \u00a0und nicht zuletzt Pr\u00e4senz im Web.<\/p>\n<p>Manche dieser Formen blieben passager, etwa die eine Zeitlang zentralen Jours Fixes in Wien oder der <a href=\"https:\/\/www.vfw.or.at\/index.php\/archiv\/veroffentlichungen\/\">Newsletter<\/a>, andere gestalten sich tragf\u00e4hig oder ausbaubar, vor allem die von 2002 bis 2011 \u00f6sterreichweit realisierten <a href=\"https:\/\/www.vfw.or.at\/index.php\/archiv\/terminarchiv\/veranstaltungsarchiv\/\">Symposien<\/a> oder die Veranstaltungsreihe <span style=\"color: #cfc71d;\"><em><a style=\"color: #cfc71d;\" href=\"https:\/\/www.vfw.or.at\/index.php\/aktivitaten-2\/feminismen-diskutieren\/\">feminismen diskutieren<\/a><\/em><\/span>, die seit 2011 sechs bis acht mal j\u00e4hrlich in Wien stattfindet<\/p>\n<p>Vieles mehr fand statt und w\u00fcnschen wir uns f\u00fcr die Zukunft doch lebhafter, so etwa aktuelle <a href=\"https:\/\/www.vfw.or.at\/index.php\/archiv\/veroffentlichungen\/\">politische Stellungnahmen<\/a> des VfW oder kontinuierliche Zusammenarbeit mit wissenschaftspolitischen Initiativen im In- und Ausland.<\/p>\n<p>&nbsp;<\/p>\n<h3 class=\"u2\">Selbstdarstellungen des VfW als pdf-Downloads<\/h3>\n<p><a href=\"http:\/\/www.vfw.or.at\/dokumente\/Vernetzung_VfW_Bericht_04.pdf\" target=\"_blank\">Vernetzung feministischer Wissenschafterinnen in \u00d6sterreich (2004)<\/a><br \/>\n<a href=\"http:\/\/www.vfw.or.at\/dokumente\/VfW-R%C3%BCckblick_12-2005.pdf\" target=\"_blank\">R\u00fcckblick (2005)<\/a><br \/>\n<a href=\"http:\/\/www.vfw.or.at\/dokumente\/VfW-r%C3%BCckblick_11.2008.pdf\" target=\"_blank\">R\u00fcckblick (2008)<\/a><br \/>\n<a href=\"http:\/\/www.vfw.or.at\/dokumente\/bericht_2007_09.pdf\" target=\"_blank\">Bericht 2007-09<\/a><br \/>\n<a href=\"http:\/\/www.vfw.or.at\/dokumente\/VfW_bericht_2010_2011.pdf\" target=\"_blank\">Bericht 2010-2011<\/a><br \/>\n<a href=\"http:\/\/www.vfw.or.at\/dokumente\/VfW_Bericht_2012.pdf\" target=\"_blank\">Bericht 2012<\/a><br \/>\n<a href=\"http:\/\/www.vfw.or.at\/dokumente\/VfW_Bericht_2013.pdf\" target=\"_blank\">Bericht 2013<\/a><br \/>\n<a href=\"http:\/\/www.vfw.or.at\/dokumente\/VfW_Bericht_2014.pdf\" target=\"_blank\">Bericht 2014<\/a><br \/>\n<a href=\"https:\/\/www.vfw.or.at\/wp-content\/uploads\/2016\/03\/Aktivit\u00e4ten-im-Jahr-2015.pdf\" target=\"_blank\">Bericht 2015<\/a><\/p>\n<p>&nbsp;<\/p>\n<h3>Stichwort-Archivierung von Unterlagen des VfW<\/h3>\n<p>Im\u00a0<strong>STICHWORT Archiv der Frauen &amp; Lesbenbewegung<\/strong> (<a href=\"http:\/\/www.stichwort.or.at\/\" target=\"_blank\">http:\/\/www.stichwort.or.at\/<\/a>) sind\u00a0Unterlagen verschiedenster Aktivit\u00e4ten des\u00a0Verbands feministischer Wissenschafteri*nnen\u00a0(Gr\u00fcndung bis\u00a0Ende Februar 2015)\u00a0teils \u00f6ffentlich, teils intern f\u00fcr VfW-Mitfrauen* bzw. nach Absprache etwa f\u00fcr Beforschungen zug\u00e4nglich.<\/p>\n<hr \/>\n<p><strong>\u00d6ffentlich zug\u00e4nglich:<br \/>\n<\/strong><\/p>\n<ul>\n<li><strong><a href=\"http:\/\/www.vfw.or.at\/\">www.vfw.or.at<\/a><\/strong>, Website des VfW,Ausdrucke bis Ende Februar 2015, inkl. fr\u00fcherer Versionen der Website<\/li>\n<li><strong>[v-f-w]-mailingliste<\/strong>, gegr\u00fcndet 24.3.2000 f\u00fcr VfW-Verbandsnachrichten, moderiert<\/li>\n<li><strong>vfw-noe-info<\/strong>-Mailingliste, gegr\u00fcndet 21.1.2004 f\u00fcr allg. Infos f\u00fcr feministische Wissenschafter_innen und Forscher_innen, Verbandsnachrichten<\/li>\n<li><strong>Belegexemplare<\/strong> zum VfW: Newsletter (+ Kopiervorlagen), Visitkarten, Brief (etc) Vorlagen etc.<\/li>\n<li><strong>Publikation: Prekarit\u00e4t und Freiheit?<\/strong> Vorinfos zu Autor_innen, Pr\u00e4sentationen, Rezensionen Texte zur \/ um die Publikation (erschienen Fr\u00fchjahr 2013)<\/li>\n<li><strong>Forschungsprojekt <\/strong>Organisationsprozesse feministischer Wissenschaften in inner- und au\u00dferuniversit\u00e4ren Zusammenh\u00e4ngen:<br \/>\nBedingungen \u2013 M\u00f6glichkeiten \u2013 Hemmnisse: div. Texte und Forschungsmaterialien<\/li>\n<\/ul>\n<hr \/>\n<p><strong>Intern\/nach Absprache zug\u00e4nglich:<\/strong><\/p>\n<ul>\n<li><strong>VfW-Treffen<\/strong>, Protokolle ab 1999 bis 2005, ab dann nachlassend&#8230;<\/li>\n<li><strong>AGs, kleinere Projekte<\/strong> ab 2000, Film-AG, allg. zu Symposien, \u00a7\u00a7 Causa AMS, 20000 Frauen; Kontakte, Adressen<\/li>\n<li><strong>VfW-N\u00d6 intern<\/strong> (2001 bis 2015), Protokolle, Kontakte, Einreichungen, Budgets, dazu interne Mailingliste seit 21.1.2004<\/li>\n<li><strong>Website<\/strong>-Verwaltung und div Projekte, Einreichungen<\/li>\n<li><strong>Feministisch \u201eentwickeln\u201c<\/strong>: Vorlesungsreihe in Kooperation mit dem Institut f\u00fcr Internationale Entwicklung, Uni Wien, Sommersemester 2013 (Unterlagen ab 13.12.2011), Protokolle, Einreichungen, Budgets, Mailings mit Vortragenden<\/li>\n<li><strong>Publikation Prekarit\u00e4t und Freiheit?<\/strong> 19.11.2011-30.9.2014 (erschienen Fr\u00fchjahr 2013): Protokolle der Herausgeber_innen, Einreichungen, Abrechnungen, Budget<\/li>\n<li><strong>Symposien<\/strong> (Einreichungen, Budgets, Protokolle, div. Materialien):<br \/>\n\u00dcber die Vielfalt feministisch wissenschaftlichen Arbeitens (Wien 2002);<br \/>\nvom frauen forschen leben in Nieder\u00f6sterreich (2003),<br \/>\n[Feministische-gendersensible Forschung und Frauenpraxis in Vorarlberg, Klausurfachtagung des Vorarlberger Frauenrats in Kooperation mit dem VfW, 2004, Bregenz],<br \/>\ngendersensibel, feministisch, frauenpolitisch (Bregenz 2005),<br \/>\nPrekarit\u00e4t &amp; Demokratie (Bregenz 2007),<br \/>\nFreiheit &amp; Prekarit\u00e4t (Linz 2008,<br \/>\nKein Theater mit der Freiheit (Wien 2009),<br \/>\nLust &amp; Frust in Strukturen und Organisationen (Klagenfurt\/Celovec 2010) und<br \/>\nMuse auf Knopfdruck (Graz 2011)<\/li>\n<li><strong>Organisationsprozesse-Forschungsprojekt<\/strong>: Koordination +Korrespondenz der\/@ Koordinator_innen +Budget\u00e4res, Endabwicklung, Controlling, Buchungen, Originalbelege und Lohnabrechnung, Projektabrechnungen<\/li>\n<li><strong>Konto<\/strong>&#8211; und Kassabelege des VfW<\/li>\n<\/ul>\n","protected":false},"excerpt":{"rendered":"<p>Der VfW will feministische Wissenschafteri*nnen unterst\u00fctzen, also auch uns selbst, die (wir) in der \u00f6sterreichischen Wissenschaftslandschaft unter zunehmend prek\u00e4ren sozio-\u00f6konomischen Bedingungen arbeiten. Der Austausch \u00fcber die inhaltliche Weiterentwicklung feministischer Wissenschaften [&hellip;]<\/p>\n","protected":false},"author":1,"featured_media":0,"parent":0,"menu_order":4,"comment_status":"closed","ping_status":"closed","template":"","meta":{"footnotes":"","_links_to":"","_links_to_target":""},"class_list":["post-152","page","type-page","status-publish","hentry"],"_links":{"self":[{"href":"https:\/\/vfw.or.at\/index.php\/wp-json\/wp\/v2\/pages\/152","targetHints":{"allow":["GET"]}}],"collection":[{"href":"https:\/\/vfw.or.at\/index.php\/wp-json\/wp\/v2\/pages"}],"about":[{"href":"https:\/\/vfw.or.at\/index.php\/wp-json\/wp\/v2\/types\/page"}],"author":[{"embeddable":true,"href":"https:\/\/vfw.or.at\/index.php\/wp-json\/wp\/v2\/users\/1"}],"replies":[{"embeddable":true,"href":"https:\/\/vfw.or.at\/index.php\/wp-json\/wp\/v2\/comments?post=152"}],"version-history":[{"count":19,"href":"https:\/\/vfw.or.at\/index.php\/wp-json\/wp\/v2\/pages\/152\/revisions"}],"predecessor-version":[{"id":2016,"href":"https:\/\/vfw.or.at\/index.php\/wp-json\/wp\/v2\/pages\/152\/revisions\/2016"}],"wp:attachment":[{"href":"https:\/\/vfw.or.at\/index.php\/wp-json\/wp\/v2\/media?parent=152"}],"curies":[{"name":"wp","href":"https:\/\/api.w.org\/{rel}","templated":true}]}}