{"id":1254,"date":"2015-11-28T21:05:42","date_gmt":"2015-11-28T20:05:42","guid":{"rendered":"https:\/\/www.vfw.or.at\/?page_id=1254"},"modified":"2024-03-28T16:06:38","modified_gmt":"2024-03-28T15:06:38","slug":"subventionsgeberinnen","status":"publish","type":"page","link":"https:\/\/vfw.or.at\/index.php\/archiv\/subventionsgeberinnen\/","title":{"rendered":"Subventionsgeberi*nnen"},"content":{"rendered":"<p><strong>2024 gef\u00f6rdert von Wien Kultur<\/strong><\/p>\n<p><a href=\"https:\/\/www.vfw.or.at\/wp-content\/uploads\/2021\/07\/SW_Logo_pos_cmyk.jpg\" target=\"_blank\" rel=\"noopener\"><img loading=\"lazy\" decoding=\"async\" class=\"alignnone wp-image-4186\" src=\"https:\/\/www.vfw.or.at\/wp-content\/uploads\/2021\/07\/SW_Logo_pos_cmyk-300x121.jpg\" alt=\"\" width=\"124\" height=\"50\" srcset=\"https:\/\/vfw.or.at\/wp-content\/uploads\/2021\/07\/SW_Logo_pos_cmyk-300x121.jpg 300w, https:\/\/vfw.or.at\/wp-content\/uploads\/2021\/07\/SW_Logo_pos_cmyk-1024x413.jpg 1024w, https:\/\/vfw.or.at\/wp-content\/uploads\/2021\/07\/SW_Logo_pos_cmyk-768x309.jpg 768w, https:\/\/vfw.or.at\/wp-content\/uploads\/2021\/07\/SW_Logo_pos_cmyk-600x242.jpg 600w, https:\/\/vfw.or.at\/wp-content\/uploads\/2021\/07\/SW_Logo_pos_cmyk.jpg 1179w\" sizes=\"auto, (max-width: 124px) 100vw, 124px\" \/><\/a><\/p>\n<p><span style=\"color: #cfc71d;\">(<strong><em>feminismen diskutieren<\/em><\/strong><\/span>, Wien)<\/p>\n<hr \/>\n<p><strong>2023 gef\u00f6rdert von Wien Kultur<\/strong><\/p>\n<p><a href=\"https:\/\/www.vfw.or.at\/wp-content\/uploads\/2021\/07\/SW_Logo_pos_cmyk.jpg\" target=\"_blank\" rel=\"noopener\"><img loading=\"lazy\" decoding=\"async\" class=\"alignnone wp-image-4186\" src=\"https:\/\/www.vfw.or.at\/wp-content\/uploads\/2021\/07\/SW_Logo_pos_cmyk-300x121.jpg\" alt=\"\" width=\"124\" height=\"50\" srcset=\"https:\/\/vfw.or.at\/wp-content\/uploads\/2021\/07\/SW_Logo_pos_cmyk-300x121.jpg 300w, https:\/\/vfw.or.at\/wp-content\/uploads\/2021\/07\/SW_Logo_pos_cmyk-1024x413.jpg 1024w, https:\/\/vfw.or.at\/wp-content\/uploads\/2021\/07\/SW_Logo_pos_cmyk-768x309.jpg 768w, https:\/\/vfw.or.at\/wp-content\/uploads\/2021\/07\/SW_Logo_pos_cmyk-600x242.jpg 600w, https:\/\/vfw.or.at\/wp-content\/uploads\/2021\/07\/SW_Logo_pos_cmyk.jpg 1179w\" sizes=\"auto, (max-width: 124px) 100vw, 124px\" \/><\/a><\/p>\n<p><span style=\"color: #cfc71d;\">(<\/span><strong><em><span style=\"color: #cfc71d;\">feminismen diskutieren<\/span><\/em><\/strong>, Wien)<\/p>\n<hr \/>\n<p><strong>2022 gef\u00f6rdert von<\/strong><\/p>\n<p><a href=\"https:\/\/www.vfw.or.at\/wp-content\/uploads\/2021\/07\/SW_Logo_pos_cmyk.jpg\" target=\"_blank\" rel=\"noopener\"><img loading=\"lazy\" decoding=\"async\" class=\"alignnone wp-image-4186\" src=\"https:\/\/www.vfw.or.at\/wp-content\/uploads\/2021\/07\/SW_Logo_pos_cmyk-300x121.jpg\" alt=\"\" width=\"124\" height=\"50\" srcset=\"https:\/\/vfw.or.at\/wp-content\/uploads\/2021\/07\/SW_Logo_pos_cmyk-300x121.jpg 300w, https:\/\/vfw.or.at\/wp-content\/uploads\/2021\/07\/SW_Logo_pos_cmyk-1024x413.jpg 1024w, https:\/\/vfw.or.at\/wp-content\/uploads\/2021\/07\/SW_Logo_pos_cmyk-768x309.jpg 768w, https:\/\/vfw.or.at\/wp-content\/uploads\/2021\/07\/SW_Logo_pos_cmyk-600x242.jpg 600w, https:\/\/vfw.or.at\/wp-content\/uploads\/2021\/07\/SW_Logo_pos_cmyk.jpg 1179w\" sizes=\"auto, (max-width: 124px) 100vw, 124px\" \/><\/a><\/p>\n<p><span style=\"color: #cfc71d;\">(<em><strong><span style=\"color: #cfc71d;\">feminismen<\/span> diskutieren<\/strong><\/em><\/span>, Wien)<\/p>\n<hr \/>\n<p><strong>2021 gef\u00f6rdert von Wien Kultur<\/strong><\/p>\n<p><a href=\"https:\/\/www.vfw.or.at\/wp-content\/uploads\/2021\/07\/SW_Logo_pos_cmyk.jpg\" target=\"_blank\" rel=\"noopener\"><img loading=\"lazy\" decoding=\"async\" class=\"alignnone wp-image-4186\" src=\"https:\/\/www.vfw.or.at\/wp-content\/uploads\/2021\/07\/SW_Logo_pos_cmyk-300x121.jpg\" alt=\"\" width=\"124\" height=\"50\" srcset=\"https:\/\/vfw.or.at\/wp-content\/uploads\/2021\/07\/SW_Logo_pos_cmyk-300x121.jpg 300w, https:\/\/vfw.or.at\/wp-content\/uploads\/2021\/07\/SW_Logo_pos_cmyk-1024x413.jpg 1024w, https:\/\/vfw.or.at\/wp-content\/uploads\/2021\/07\/SW_Logo_pos_cmyk-768x309.jpg 768w, https:\/\/vfw.or.at\/wp-content\/uploads\/2021\/07\/SW_Logo_pos_cmyk-600x242.jpg 600w, https:\/\/vfw.or.at\/wp-content\/uploads\/2021\/07\/SW_Logo_pos_cmyk.jpg 1179w\" sizes=\"auto, (max-width: 124px) 100vw, 124px\" \/><\/a><\/p>\n<p><span style=\"color: #cfc71d;\">(<strong><em>feminismen diskutieren<\/em><\/strong><\/span>, Wien)<\/p>\n<hr \/>\n<p><strong>2020 gef\u00f6rdert von<\/strong><\/p>\n<p><img decoding=\"async\" src=\"https:\/\/www.wien.gv.at\/layout-a\/logo\/ma07-klein.gif\" alt=\"Logo Magistratsabteilung 7\" \/><\/p>\n<p><span style=\"color: #cfc71d;\">(<em><strong>feminismen diskutieren<\/strong><\/em><\/span>, Wien)<\/p>\n<hr \/>\n<p><strong>2019 gef\u00f6rdert von<\/strong><\/p>\n<p><img decoding=\"async\" src=\"https:\/\/www.wien.gv.at\/layout-a\/logo\/ma07-klein.gif\" alt=\"Logo Magistratsabteilung 7\" \/><\/p>\n<p><span style=\"color: #cfc71d;\">(<em><strong><span style=\"color: #cfc71d;\">f<\/span>eminismen diskutieren<\/strong><\/em>,<\/span> Wien \/ Website)<\/p>\n<hr \/>\n<p><strong>2018 gef\u00f6rdert von<\/strong><\/p>\n<p><img decoding=\"async\" src=\"https:\/\/www.wien.gv.at\/layout-a\/logo\/ma07-klein.gif\" alt=\"Logo Magistratsabteilung 7\" \/><\/p>\n<p><span style=\"color: #cfc71d;\">(<em><strong>feminismen <span style=\"color: #cfc71d;\">diskutieren<\/span><\/strong><\/em>,<\/span> Wien \/ Website)<\/p>\n<hr \/>\n<p>&nbsp;<\/p>\n<p><strong>2017 gef\u00f6rdert von<\/strong><\/p>\n<p><img decoding=\"async\" src=\"https:\/\/www.wien.gv.at\/layout-a\/logo\/ma07-klein.gif\" alt=\"Logo Magistratsabteilung 7\" \/><\/p>\n<p>(<span style=\"color: #cfc71d;\"><em><strong>feminismen <span style=\"color: #cfc71d;\">diskutieren<\/span><\/strong><\/em>,<\/span> Wien \/ Website)<\/p>\n<hr \/>\n<p><strong>2016 gef\u00f6rdert von<\/strong><\/p>\n<p><img loading=\"lazy\" decoding=\"async\" class=\"alignnone wp-image-1961\" src=\"https:\/\/www.vfw.or.at\/wp-content\/uploads\/2015\/07\/Logo_des_Landes_Kaernten-300x66.jpg\" alt=\"Logo_des_Landes_Kaernten\" width=\"185\" height=\"41\" srcset=\"https:\/\/vfw.or.at\/wp-content\/uploads\/2015\/07\/Logo_des_Landes_Kaernten-300x66.jpg 300w, https:\/\/vfw.or.at\/wp-content\/uploads\/2015\/07\/Logo_des_Landes_Kaernten-768x168.jpg 768w, https:\/\/vfw.or.at\/wp-content\/uploads\/2015\/07\/Logo_des_Landes_Kaernten.jpg 835w\" sizes=\"auto, (max-width: 185px) 100vw, 185px\" \/>\u00a0 \u00a0\u00a0<img decoding=\"async\" src=\"https:\/\/www.wien.gv.at\/layout-a\/logo\/ma07-klein.gif\" alt=\"Logo Magistratsabteilung 7\" \/><\/p>\n<p>(\u00a0<span style=\"color: #cfc71d;\"><em><strong>feminismen diskutieren<\/strong><\/em><\/span>, K\u00e4rnten\/Website &amp;\u00a0<span style=\"color: #cfc71d;\"><em><strong>feminismen diskutieren<\/strong><\/em><\/span>, Wien\/Website)<\/p>\n<hr \/>\n<p><strong>2015\u00a0gef\u00f6rdert von<\/strong><\/p>\n<p><img loading=\"lazy\" decoding=\"async\" class=\" alignnone\" src=\"https:\/\/www.wien.gv.at\/layout-a\/logo\/ma07-klein.gif\" alt=\"Logo Magistratsabteilung 7\" width=\"116\" height=\"36\" \/>\u00a0\u00a0\u00a0\u00a0<img decoding=\"async\" src=\"http:\/\/www.vfw.or.at\/archiv\/februar2015\/images\/logo_bmwf.gif\" alt=\"Bundesministerium f\u00fcr Wissenschaft und Forschung\" \/><\/p>\n<p><span style=\"color: #cfc71d;\"><em><strong>feminismen diskutieren<\/strong><\/em><\/span> Wien \/ Website)<\/p>\n<hr \/>\n<p><strong>2013 gef\u00f6rdert von<\/strong><\/p>\n<p><img decoding=\"async\" src=\"https:\/\/www.wien.gv.at\/layout-a\/logo\/ma07-klein.gif\" alt=\"Logo Magistratsabteilung 7\" \/>\u00a0\u00a0\u00a0<img decoding=\"async\" src=\"http:\/\/www.oeh-klagenfurt.at\/sites\/default\/files\/styles\/medium\/public\/department\/2014_logo_rgb_frauen_oeh_rgb_full_color.png?itok=rwX-uHto\" alt=\"\" \/>\u00a0\u00a0<img loading=\"lazy\" decoding=\"async\" class=\"alignnone wp-image-1358 size-full\" src=\"https:\/\/www.vfw.or.at\/wp-content\/uploads\/2015\/11\/logo_small_alt.png\" alt=\"logo_small_alt\" width=\"144\" height=\"40\" \/>\u00a0 \u00a0\u00a0<img loading=\"lazy\" decoding=\"async\" class=\"alignnone wp-image-1360 size-full\" src=\"https:\/\/www.vfw.or.at\/wp-content\/uploads\/2015\/11\/ak.png\" alt=\"ak\" width=\"82\" height=\"40\" \/>\u00a0 \u00a0<img loading=\"lazy\" decoding=\"async\" class=\"alignnone wp-image-1407 size-full\" src=\"https:\/\/www.vfw.or.at\/wp-content\/uploads\/2015\/11\/fe-n\u00f6.png\" alt=\"fe-n\u00f6\" width=\"234\" height=\"50\" \/><\/p>\n<p>(VfW-Publikation: <em>&#8222;Prekarit\u00e4t und Freiheit? Feministische Wissenschaft, Kulturkritik und Selbstorganisation&#8220; <\/em>M\u00fcnster: Westf\u00e4lisches Damp<em>fboot 2013<\/em>)<\/p>\n<hr \/>\n<p><strong>2012 gef\u00f6rdert von<\/strong><\/p>\n<p><img decoding=\"async\" src=\"http:\/\/www.vfw.or.at\/archiv\/februar2015\/images\/logo_bmwf.gif\" alt=\"Bundesministerium f\u00fcr Wissenschaft und Forschung\" \/>\u00a0\u00a0\u00a0<img decoding=\"async\" src=\"http:\/\/www.vfw.or.at\/archiv\/februar2015\/images\/logo_bkafrauen_klein.gif\" alt=\"Bundesministerium f\u00fcr Frauen und \u00d6ffentlichen Dienst\" \/><\/p>\n<p>(VfW-Publikation: <em>&#8222;Prekarit\u00e4t und Freiheit? Feministische Wissenschaft, Kulturkritik und Selbstorganisation&#8220;<\/em>)<\/p>\n<hr \/>\n<p><strong>2011 gef\u00f6rdert von<\/strong><\/p>\n<p><img decoding=\"async\" src=\"http:\/\/www.vfw.or.at\/archiv\/februar2015\/images\/logo_bmwf.gif\" alt=\"Bundesministerium f\u00fcr Wissenschaft und Forschung\" \/>\u00a0\u00a0\u00a0\u00a0<img decoding=\"async\" src=\"http:\/\/www.vfw.or.at\/archiv\/februar2015\/images\/logo_bkafrauen_klein.gif\" alt=\"Bundesministerium f\u00fcr Frauen und \u00d6ffentlichen Dienst\" \/>\u00a0\u00a0\u00a0 <img loading=\"lazy\" decoding=\"async\" class=\"alignnone wp-image-1426 size-full\" src=\"https:\/\/www.vfw.or.at\/wp-content\/uploads\/2015\/11\/q-1.jpg\" alt=\"q\" width=\"180\" height=\"75\" \/>\u00a0 \u00a0<img loading=\"lazy\" decoding=\"async\" class=\"alignnone size-full wp-image-1409\" src=\"https:\/\/www.vfw.or.at\/wp-content\/uploads\/2015\/11\/q.jpg\" alt=\"q\" width=\"168\" height=\"60\" \/>\u00a0 \u00a0<img loading=\"lazy\" decoding=\"async\" class=\"alignnone wp-image-1414 size-full\" src=\"https:\/\/www.vfw.or.at\/wp-content\/uploads\/2015\/11\/images.jpg\" alt=\"images\" width=\"226\" height=\"44\" \/><\/p>\n<p>(Symposium:\u00a0\u201cMuse auf Knopfdruck? Arbeitsverh\u00e4ltnisse der Freischaffenden in Kunst und Wissenschaft\u201d, Graz )<\/p>\n<hr \/>\n<p><strong>2010 gef\u00f6rdert von<\/strong><\/p>\n<p><img decoding=\"async\" src=\"http:\/\/www.vfw.or.at\/archiv\/februar2015\/images\/logo_bmwf.gif\" alt=\"Bundesministerium f\u00fcr Wissenschaft und Forschung\" \/>\u00a0 \u00a0\u00a0<img decoding=\"async\" src=\"http:\/\/www.vfw.or.at\/archiv\/februar2015\/images\/logo_bkafrauen_klein.gif\" alt=\"Bundesministerium f\u00fcr Frauen und \u00d6ffentlichen Dienst\" \/>\u00a0<img decoding=\"async\" src=\"http:\/\/www.nextcomic.org\/wp-content\/uploads\/2014\/02\/kreativinnovativ09_bmukk_logo.png\" alt=\"\" \/>\u00a0\u00a0\u00a0<img loading=\"lazy\" decoding=\"async\" class=\"alignnone wp-image-1392 size-medium\" src=\"https:\/\/www.vfw.or.at\/wp-content\/uploads\/2015\/11\/ak_ktn-300x69.jpg\" alt=\"ak_ktn\" width=\"300\" height=\"69\" srcset=\"https:\/\/vfw.or.at\/wp-content\/uploads\/2015\/11\/ak_ktn-300x69.jpg 300w, https:\/\/vfw.or.at\/wp-content\/uploads\/2015\/11\/ak_ktn.jpg 304w\" sizes=\"auto, (max-width: 300px) 100vw, 300px\" \/>\u00a0<img loading=\"lazy\" decoding=\"async\" class=\"alignnone wp-image-1394 size-medium\" src=\"https:\/\/www.vfw.or.at\/wp-content\/uploads\/2015\/11\/bmask-1-300x70.jpg\" alt=\"bmask\" width=\"300\" height=\"70\" srcset=\"https:\/\/vfw.or.at\/wp-content\/uploads\/2015\/11\/bmask-1-300x70.jpg 300w, https:\/\/vfw.or.at\/wp-content\/uploads\/2015\/11\/bmask-1.jpg 632w\" sizes=\"auto, (max-width: 300px) 100vw, 300px\" \/>\u00a0 \u00a0 \u00a0\u00a0<img loading=\"lazy\" decoding=\"async\" class=\"alignnone wp-image-1397 size-full\" src=\"https:\/\/www.vfw.or.at\/wp-content\/uploads\/2015\/11\/Frauenb\u00b3ro_WS_Kopfzeile-1.jpg\" alt=\"Frauenb\u00b3ro_WS_Kopfzeile\" width=\"270\" height=\"60\" \/>\u00a0 \u00a0\u00a0<a href=\"https:\/\/www.vfw.or.at\/wp-content\/uploads\/2015\/11\/Frauenb\u00b3ro_WS_Kopfzeile-1.jpg\" rel=\"attachment wp-att-1397\"><img decoding=\"async\" src=\"blob:https%3A\/\/mail.google.com\/558aac92-3437-4bea-aa45-fd4634a322f0\" alt=\"frauenhetz-Logo.jpg wird angezeigt.\" \/><\/a><img loading=\"lazy\" decoding=\"async\" class=\"alignnone wp-image-1400 size-full\" src=\"https:\/\/www.vfw.or.at\/wp-content\/uploads\/2015\/11\/frauenhetz-Logo-1.jpg\" alt=\"frauenhetz-Logo\" width=\"76\" height=\"70\" \/>\u00a0 \u00a0\u00a0<img loading=\"lazy\" decoding=\"async\" class=\"alignnone wp-image-1419 size-full\" src=\"https:\/\/www.vfw.or.at\/wp-content\/uploads\/2015\/11\/w.jpg\" alt=\"w\" width=\"166\" height=\"84\" \/><\/p>\n<p>(Symposium \u201cLust &amp; Frust in Strukturen &amp; Institutionen\u201d,\u00a0Klagenfurt\/Celovec)<\/p>\n<hr \/>\n<p><strong>2009 gef\u00f6rdert von<\/strong><\/p>\n<p><img decoding=\"async\" src=\"http:\/\/www.nextcomic.org\/wp-content\/uploads\/2014\/02\/kreativinnovativ09_bmukk_logo.png\" alt=\"\" \/> \u00a0\u00a0<img loading=\"lazy\" decoding=\"async\" class=\"alignnone\" src=\"http:\/\/www.vfw.or.at\/archiv\/februar2015\/images\/logo_bmwf.gif\" alt=\"Bundesministerium f\u00fcr Wissenschaft und Forschung\" width=\"230\" height=\"51\" \/>\u00a0 \u00a0\u00a0<img loading=\"lazy\" decoding=\"async\" class=\"alignnone\" src=\"http:\/\/www.vfw.or.at\/archiv\/februar2015\/images\/logo_bkafrauen_klein.gif\" alt=\"Bundesministerium f\u00fcr Frauen und \u00d6ffentlichen Dienst\" width=\"230\" height=\"21\" \/>\u00a0 \u00a0\u00a0<img decoding=\"async\" src=\"https:\/\/www.wien.gv.at\/layout-a\/logo\/ma07-klein.gif\" alt=\"Logo Magistratsabteilung 7\" \/><\/p>\n<p>(Symposium \u201cKein Theater mit der Freiheit. Nachdenken \u00fcber Feminismen und Befreiung\u201d, Wien;\u00a0 Website)<\/p>\n<hr \/>\n<p><strong>2008 gef\u00f6rdert von<\/strong><\/p>\n<p><img loading=\"lazy\" decoding=\"async\" class=\"alignnone\" src=\"http:\/\/www.vfw.or.at\/archiv\/februar2015\/images\/logo_bmwf.gif\" alt=\"Bundesministerium f\u00fcr Wissenschaft und Forschung\" width=\"230\" height=\"51\" \/>\u00a0 \u00a0\u00a0<img loading=\"lazy\" decoding=\"async\" class=\"alignnone\" src=\"http:\/\/www.vfw.or.at\/archiv\/februar2015\/images\/logo_bkafrauen_klein.gif\" alt=\"Bundesministerium f\u00fcr Frauen und \u00d6ffentlichen Dienst\" width=\"230\" height=\"21\" \/>\u00a0 \u00a0\u00a0<img loading=\"lazy\" decoding=\"async\" class=\"alignnone wp-image-1368 size-full\" src=\"https:\/\/www.vfw.or.at\/wp-content\/uploads\/2015\/11\/linz.jpg\" alt=\"linz\" width=\"132\" height=\"50\" \/>\u00a0\u00a0<img loading=\"lazy\" decoding=\"async\" class=\"alignnone wp-image-1369 size-full\" src=\"https:\/\/www.vfw.or.at\/wp-content\/uploads\/2015\/11\/00.jpg\" alt=\"00\" width=\"81\" height=\"50\" \/>\u00a0 \u00a0\u00a0<img loading=\"lazy\" decoding=\"async\" class=\"alignnone wp-image-1370 size-full\" src=\"https:\/\/www.vfw.or.at\/wp-content\/uploads\/2015\/11\/Frauen.jpg\" alt=\"Frauen\" width=\"111\" height=\"70\" \/><\/p>\n<p>(Symposium \u201cFreiheit &amp; Prekarit\u00e4t\u201d und Vernetzungstag von Frauen in Kunst und Kultur, Linz)<\/p>\n<hr \/>\n<p><strong>2007 gef\u00f6rdert von<\/strong><\/p>\n<p><img loading=\"lazy\" decoding=\"async\" class=\"alignnone\" src=\"https:\/\/upload.wikimedia.org\/wikipedia\/commons\/thumb\/f\/f9\/Bundesministerium_f%C3%BCr_Gesundheit_und_Frauen_logo.svg\/150px-Bundesministerium_f%C3%BCr_Gesundheit_und_Frauen_logo.svg.png\" alt=\"Logo vom BMGF\" width=\"150\" height=\"73\" \/>\u00a0\u00a0 \u00a0\u00a0<img loading=\"lazy\" decoding=\"async\" class=\"alignnone wp-image-1374 size-full\" src=\"https:\/\/www.vfw.or.at\/wp-content\/uploads\/2015\/11\/vor-1.jpg\" alt=\"vor\" width=\"160\" height=\"40\" \/>\u00a0 \u00a0\u00a0<img loading=\"lazy\" decoding=\"async\" class=\"alignnone wp-image-1375 size-full\" src=\"https:\/\/www.vfw.or.at\/wp-content\/uploads\/2015\/11\/uni.jpg\" alt=\"uni\" width=\"52\" height=\"60\" \/>\u00a0 <img loading=\"lazy\" decoding=\"async\" class=\"alignnone wp-image-1426 size-full\" src=\"https:\/\/www.vfw.or.at\/wp-content\/uploads\/2015\/11\/q-1.jpg\" alt=\"q\" width=\"180\" height=\"75\" \/>\u00a0\u00a0<img loading=\"lazy\" decoding=\"async\" class=\"alignnone wp-image-1377 size-full\" src=\"https:\/\/www.vfw.or.at\/wp-content\/uploads\/2015\/11\/aep.jpg\" alt=\"aep\" width=\"90\" height=\"50\" \/>\u00a0\u00a0<img loading=\"lazy\" decoding=\"async\" class=\"alignnone wp-image-1378 size-full\" src=\"https:\/\/www.vfw.or.at\/wp-content\/uploads\/2015\/11\/grti.jpg\" alt=\"grti\" width=\"75\" height=\"76\" \/>\u00a0 \u00a0<img loading=\"lazy\" decoding=\"async\" class=\"alignnone wp-image-1380 size-full\" src=\"https:\/\/www.vfw.or.at\/wp-content\/uploads\/2015\/11\/grvo-1.jpg\" alt=\"grvo\" width=\"70\" height=\"60\" \/>\u00a0<img loading=\"lazy\" decoding=\"async\" class=\"alignnone wp-image-1714\" src=\"https:\/\/www.vfw.or.at\/wp-content\/uploads\/2015\/11\/vo-1.jpg\" alt=\"vo\" width=\"200\" height=\"76\" \/><\/p>\n<p>(Symposium \u201cPrekarit\u00e4t &amp; Demokratie\u201d,\u00a0Bregenz)<\/p>\n<hr \/>\n<p><strong>2005 gef\u00f6rdert von<\/strong><\/p>\n<p><img decoding=\"async\" src=\"https:\/\/www.vfw.or.at\/wp-content\/uploads\/2015\/11\/vo-1.jpg\" alt=\"vo\" \/>\u00a0 \u00a0\u00a0<img decoding=\"async\" src=\"https:\/\/www.vfw.or.at\/wp-content\/uploads\/2015\/11\/vor-1.jpg\" alt=\"vor\" \/>\u00a0 \u00a0\u00a0<img loading=\"lazy\" decoding=\"async\" class=\"alignnone wp-image-1716\" src=\"https:\/\/www.vfw.or.at\/wp-content\/uploads\/2015\/11\/vo-300x43.jpg\" alt=\"vo\" width=\"269\" height=\"39\" srcset=\"https:\/\/vfw.or.at\/wp-content\/uploads\/2015\/11\/vo-300x43.jpg 300w, https:\/\/vfw.or.at\/wp-content\/uploads\/2015\/11\/vo.jpg 305w\" sizes=\"auto, (max-width: 269px) 100vw, 269px\" \/>\u00a0 \u00a0<img decoding=\"async\" src=\"https:\/\/www.vfw.or.at\/wp-content\/uploads\/2015\/11\/grti.jpg\" alt=\"grti\" \/>\u00a0\u00a0<img decoding=\"async\" src=\"https:\/\/www.vfw.or.at\/wp-content\/uploads\/2015\/11\/grvo-1.jpg\" alt=\"grvo\" \/>\u00a0\u00a0<img loading=\"lazy\" decoding=\"async\" class=\"alignnone\" src=\"http:\/\/www.ocg.at\/sites\/ocg.at\/files\/media\/fh%20vor_170.jpg\" alt=\"\" width=\"170\" height=\"90\" \/>\u00a0\u00a0<img decoding=\"async\" src=\"http:\/\/www.renner-institut.at\/fileadmin\/templates\/images\/logo.png\" alt=\"\" \/><\/p>\n<p>(Symposium &#8222;Gendersensibel, feministisch, frauenpolitisch \u2013 eine Wiederann\u00e4herung von Forschung und Praxis&#8220;,\u00a0Bregenz)<\/p>\n<hr \/>\n<p><strong>2003 gef\u00f6rdert von<\/strong><\/p>\n<p><img decoding=\"async\" src=\"http:\/\/dhc2006.salzburgresearch.at\/data\/bmbwk.gif\" alt=\"\" \/>\u00a0\u00a0 <img loading=\"lazy\" decoding=\"async\" class=\"alignnone size-full wp-image-1721\" src=\"https:\/\/www.vfw.or.at\/wp-content\/uploads\/2015\/11\/sp-1.jpg\" alt=\"sp\" width=\"93\" height=\"95\" \/><\/p>\n<p>(Symposium &#8222;vom frauen forschen leben in nieder\u00f6sterreich&#8220;, St.P\u00f6lten)<\/p>\n<hr \/>\n<p><strong>2002 gef\u00f6rdert von<\/strong><\/p>\n<p><img decoding=\"async\" src=\"http:\/\/dhc2006.salzburgresearch.at\/data\/bmbwk.gif\" alt=\"\" \/>\u00a0 \u00a0 \u00a0<img decoding=\"async\" src=\"https:\/\/www.wien.gv.at\/layout-a\/logo\/ma07-klein.gif\" alt=\"Logo Magistratsabteilung 7\" \/>\u00a0 \u00a0\u00a0<img loading=\"lazy\" decoding=\"async\" class=\"alignnone size-full wp-image-1724\" src=\"https:\/\/www.vfw.or.at\/wp-content\/uploads\/2015\/11\/GBW_Logo_RGB-1.jpg\" alt=\"GBW_Logo_RGB\" width=\"188\" height=\"95\" \/><\/p>\n<p>(Symposium &#8222;\u00dcber die Vielfalt feministisch-wissenschaftlichen Arbeitens&#8220;, Wien)<\/p>\n","protected":false},"excerpt":{"rendered":"<p>2024 gef\u00f6rdert von Wien Kultur (feminismen diskutieren, Wien) 2023 gef\u00f6rdert von Wien Kultur (feminismen diskutieren, Wien) 2022 gef\u00f6rdert von (feminismen diskutieren, Wien) 2021 gef\u00f6rdert von Wien Kultur (feminismen diskutieren, Wien) [&hellip;]<\/p>\n","protected":false},"author":1,"featured_media":0,"parent":152,"menu_order":7,"comment_status":"closed","ping_status":"closed","template":"","meta":{"footnotes":"","_links_to":"","_links_to_target":""},"class_list":["post-1254","page","type-page","status-publish","hentry"],"_links":{"self":[{"href":"https:\/\/vfw.or.at\/index.php\/wp-json\/wp\/v2\/pages\/1254","targetHints":{"allow":["GET"]}}],"collection":[{"href":"https:\/\/vfw.or.at\/index.php\/wp-json\/wp\/v2\/pages"}],"about":[{"href":"https:\/\/vfw.or.at\/index.php\/wp-json\/wp\/v2\/types\/page"}],"author":[{"embeddable":true,"href":"https:\/\/vfw.or.at\/index.php\/wp-json\/wp\/v2\/users\/1"}],"replies":[{"embeddable":true,"href":"https:\/\/vfw.or.at\/index.php\/wp-json\/wp\/v2\/comments?post=1254"}],"version-history":[{"count":77,"href":"https:\/\/vfw.or.at\/index.php\/wp-json\/wp\/v2\/pages\/1254\/revisions"}],"predecessor-version":[{"id":5084,"href":"https:\/\/vfw.or.at\/index.php\/wp-json\/wp\/v2\/pages\/1254\/revisions\/5084"}],"up":[{"embeddable":true,"href":"https:\/\/vfw.or.at\/index.php\/wp-json\/wp\/v2\/pages\/152"}],"wp:attachment":[{"href":"https:\/\/vfw.or.at\/index.php\/wp-json\/wp\/v2\/media?parent=1254"}],"curies":[{"name":"wp","href":"https:\/\/api.w.org\/{rel}","templated":true}]}}