{"id":117,"date":"2015-07-13T19:35:08","date_gmt":"2015-07-13T19:35:08","guid":{"rendered":"https:\/\/vfw.diebin.at\/?page_id=117"},"modified":"2026-04-28T19:58:01","modified_gmt":"2026-04-28T17:58:01","slug":"mitfrauen","status":"publish","type":"page","link":"https:\/\/vfw.or.at\/index.php\/mitfrauen\/","title":{"rendered":"Mitperson werden"},"content":{"rendered":"\n<h6 class=\"wp-block-heading\">Schon Mitperson? Hier&nbsp;<a href=\"#sprungmarke1\">Passwort anfordern<\/a><\/h6>\n\n\n\n<p>Mitpersonen k\u00f6nnen alle feministischen Wissenschafteri*nnen werden, die sich mit den Zielen des Verbands identifizieren,<\/p>\n\n\n\n<p><span style=\"color: #e8e526;\"><strong>\u2022<\/strong><\/span> &nbsp; unabh\u00e4ngig davon, wie sie f\u00fcr ihren Lebensunterhalt aufkommen und<br><span style=\"color: #e8e526;\"><strong>\u2022<\/strong> <\/span>&nbsp; unabh\u00e4ngig von universit\u00e4ren Statusgruppen und institutioneller Verortung (auch Studenti*nnen!),<br><span style=\"color: #e8e526;\"><strong>\u2022<\/strong><\/span> &nbsp; sowohl inner- als auch au\u00dferuniversit\u00e4r Arbeitende und Lehrende,<br><span style=\"color: #e8e526;\"><strong>\u2022<\/strong><\/span> &nbsp; ebenso wie Vertreteri*nnen von Vereinen, Instituten und Interessierte<\/p>\n\n\n\n<p>und die an der Auseinandersetzung mit feministischen Theorien, Gender Studies, Frauenforschung, antirassistischen, queeren und lesbischen Perspektiven interessiert sind.<\/p>\n\n\n\n<hr class=\"wp-block-separator has-alpha-channel-opacity\"\/>\n\n\n\n<center><strong>Der Mitpersonenbeitrag&nbsp;betr\u00e4gt j\u00e4hrlich 22,- \u20ac.<\/strong><br>In besonderen H\u00e4rtef\u00e4llen ist ein&nbsp;Mindestbeitrag&nbsp;von 11,- \u20ac m\u00f6glich.<br>F\u00f6rdernde&nbsp;Mitpersonenschaft&nbsp;beginnt bei 75,- \u20ac<\/center>\n\n\n\n<center>Bankkonto lautend auf<br>Verband Feministischer Wissenschafteri*nnen<br>IBAN:&nbsp;AT71 4300 0100 0001 1850<br>BIC: VBOEATWWXXX<\/center>\n\n\n\n<p><br>\n<div class=\"wpcf7 no-js\" id=\"wpcf7-f4014-o1\" lang=\"en-US\" dir=\"ltr\" data-wpcf7-id=\"4014\">\n<div class=\"screen-reader-response\"><p role=\"status\" aria-live=\"polite\" aria-atomic=\"true\"><\/p> <ul><\/ul><\/div>\n<form action=\"\/index.php\/wp-json\/wp\/v2\/pages\/117#wpcf7-f4014-o1\" method=\"post\" class=\"wpcf7-form init\" aria-label=\"Contact form\" novalidate=\"novalidate\" data-status=\"init\">\n<fieldset class=\"hidden-fields-container\"><input type=\"hidden\" name=\"_wpcf7\" value=\"4014\" \/><input type=\"hidden\" name=\"_wpcf7_version\" value=\"6.1.6\" \/><input type=\"hidden\" name=\"_wpcf7_locale\" value=\"en_US\" \/><input type=\"hidden\" name=\"_wpcf7_unit_tag\" value=\"wpcf7-f4014-o1\" \/><input type=\"hidden\" name=\"_wpcf7_container_post\" value=\"0\" \/><input type=\"hidden\" name=\"_wpcf7_posted_data_hash\" value=\"\" \/>\n<\/fieldset>\n<div class=\"wpcf7-response-output\" aria-hidden=\"true\"><\/div>\n<center>\n\t<h1><span style=\"color: #cfc71a;\">Online-Antrag auf VfW-Mitpersonenschaft<\/span>\n\t<\/h1>\n&nbsp\n\t<p><label for=\"your-name\">Vorname (Pflichtfeld)<\/label>\n\t<\/p>\n\t<p><span class=\"wpcf7-form-control-wrap\" data-name=\"your-name\"><input size=\"40\" maxlength=\"400\" class=\"wpcf7-form-control wpcf7-text wpcf7-validates-as-required\" id=\"your-name\" aria-required=\"true\" aria-invalid=\"false\" value=\"\" type=\"text\" name=\"your-name\" \/><\/span>\n\t<\/p>\n\t<p><label for=\"your-name1\">Nachname (Pflichtfeld)<\/label>\n\t<\/p>\n\t<p><span class=\"wpcf7-form-control-wrap\" data-name=\"your-name1\"><input size=\"40\" maxlength=\"400\" class=\"wpcf7-form-control wpcf7-text wpcf7-validates-as-required\" id=\"your-name1\" aria-required=\"true\" aria-invalid=\"false\" value=\"\" type=\"text\" name=\"your-name1\" \/><\/span>\n\t<\/p>\n\t<p><label for=\"your-email\">Email\u00ad-Adresse (Pflichtfeld)<\/label>\n\t<\/p>\n\t<p><span class=\"wpcf7-form-control-wrap\" data-name=\"your-email\"><input size=\"40\" maxlength=\"400\" class=\"wpcf7-form-control wpcf7-email wpcf7-validates-as-required wpcf7-text wpcf7-validates-as-email\" id=\"your-email\" aria-required=\"true\" aria-invalid=\"false\" value=\"\" type=\"email\" name=\"your-email\" \/><\/span>\n\t<\/p>\n\t<p><label for=\"wissenschaftlicher-schwerpunkt\">Wissenschaftlicher Schwerpunkt<\/label>\n\t<\/p>\n\t<p><span class=\"wpcf7-form-control-wrap\" data-name=\"wissenschaftlicher-schwerpunkt\"><input size=\"40\" maxlength=\"400\" class=\"wpcf7-form-control wpcf7-text\" id=\"wissenschaftlicher-schwerpunkt\" aria-invalid=\"false\" value=\"\" type=\"text\" name=\"wissenschaftlicher-schwerpunkt\" \/><\/span>\n\t<\/p>\n&nbsp\n\t<p><span class=\"wpcf7-form-control-wrap\" data-name=\"Kontaktdaten\"><span class=\"wpcf7-form-control wpcf7-acceptance\"><span class=\"wpcf7-list-item\"><input type=\"checkbox\" name=\"Kontaktdaten\" value=\"1\" aria-invalid=\"false\" \/><\/span><\/span><\/span> Ich erlaube hiermit, dass meine angef\u00fchrten Kontaktdaten zum Zweck der Mitpersonenverwaltung vom Verband feministischer Wissenschafteri*nnen elektronisch gespeichert werden. Ich kann diese Erlaubnis jederzeit unter dieser Email\u00ad-Adresse widerrufen: vfwkontakt@yahoo.com. Die Daten werden dann umgehend gel\u00f6scht.\n\t<\/p>\n\t<p><input class=\"wpcf7-form-control wpcf7-submit has-spinner\" type=\"submit\" value=\"Send\" \/>\n\t<\/p>\n<\/center>\n<\/form>\n<\/div>\n\n\n\n\n<hr class=\"wp-block-separator has-alpha-channel-opacity\"\/>\n\n\n\n<p>Als neue Mitperson erkl\u00e4ren Sie sich solidarisch mit dem Ziel, feministische Wissenschaften und Wissenschafteri*nnen zu st\u00e4rken und sichtbar zu machen. Sie erhalten in Zukunft \u00fcber unsere Mailingliste alle relevanten Informationen, Veranstaltungen und Aktivit\u00e4ten, die den Verband betreffen und haben Zugang zum <strong>Mitpersonenbereich.<\/strong><\/p>\n\n\n\n<hr class=\"wp-block-separator has-alpha-channel-opacity\"\/>\n\n\n\n<p>Wenn Sie regelm\u00e4\u00dfige Informationen vom &#8222;Verband feministischer Wissenschafteri*nnen. Verein zur F\u00f6rderung freier feministischer Wissenschafteri*nnen und feministischer Wissenschaften in \u00d6sterreich&#8220; erhalten wollen, melden Sie sich bitte f\u00fcr den <strong>Newsletter<\/strong> an (ist nicht gebunden an eine&nbsp;Mitpersonenschaft).<\/p>\n\n\n\n<p>Wir arbeiten aktuell an einer neuen automatisierten Newsletter-Anmeldem\u00f6glichkeit. Bitte schickt bis dahin eine formlose Mail mit Betreff &#8222;VfW Newsletter Anmeldung&#8220; an anna.rauchenwald@gmail.com. <\/p>\n\n\n\n<p>F\u00fcr dar\u00fcber hinausgehende Informationen empfehlen wir die Mailinglisten&nbsp;<a href=\"http:\/\/www.jku.at\/content\/e213\/e152\/e128\/e12915\/e12914\/e12892\/e12890\/e12834\" target=\"_blank\" rel=\"noopener noreferrer\">FEM@LE-L<\/a>,&nbsp;<a href=\"http:\/\/lists.liab.at\/listinfo\/femail\">femail <\/a>und&nbsp;die mailingliste der <a href=\"http:\/\/www.ig-elf.at\/index.php?id=43\">IG-LektorInnen und WissensarbeiterInnen<\/a>.<\/p>\n\n\n\n<h1 class=\"wp-block-heading\">F\u00fcr Verbandsinformationen Newsletter subskribieren<\/h1>\n\n\n[wysija_form id=&#8220;1&#8243;]\n\n\n\n<hr class=\"wp-block-separator has-alpha-channel-opacity\" id=\"sprungmarke1\"\/>\n\n\n\n<div class=\"wpcf7 no-js\" id=\"wpcf7-f4035-o2\" lang=\"en-US\" dir=\"ltr\" data-wpcf7-id=\"4035\">\n<div class=\"screen-reader-response\"><p role=\"status\" aria-live=\"polite\" aria-atomic=\"true\"><\/p> <ul><\/ul><\/div>\n<form action=\"\/index.php\/wp-json\/wp\/v2\/pages\/117#wpcf7-f4035-o2\" method=\"post\" class=\"wpcf7-form init\" aria-label=\"Contact form\" novalidate=\"novalidate\" data-status=\"init\">\n<fieldset class=\"hidden-fields-container\"><input type=\"hidden\" name=\"_wpcf7\" value=\"4035\" \/><input type=\"hidden\" name=\"_wpcf7_version\" value=\"6.1.6\" \/><input type=\"hidden\" name=\"_wpcf7_locale\" value=\"en_US\" \/><input type=\"hidden\" name=\"_wpcf7_unit_tag\" value=\"wpcf7-f4035-o2\" \/><input type=\"hidden\" name=\"_wpcf7_container_post\" value=\"0\" \/><input type=\"hidden\" name=\"_wpcf7_posted_data_hash\" value=\"\" \/>\n<\/fieldset>\n<div class=\"wpcf7-response-output\" aria-hidden=\"true\"><\/div>\n<center>\n\t<h1><span style=\"color: #cfc71a;\">Passwort anfordern<\/span>\n\t<\/h1>\n&nbsp\nIch habe mein Passwort verloren. Bitte schicken Sie mir ein neues zu.\n\t<p><label for=\"your-name\">Vorname (Pflichtfeld)<\/label>\n\t<\/p>\n\t<p><span class=\"wpcf7-form-control-wrap\" data-name=\"your-name\"><input size=\"40\" maxlength=\"400\" class=\"wpcf7-form-control wpcf7-text wpcf7-validates-as-required\" aria-required=\"true\" aria-invalid=\"false\" value=\"\" type=\"text\" name=\"your-name\" \/><\/span>\n\t<\/p>\n\t<p><label for=\"your-name1\">Nachname (Pflichtfeld)<\/label>\n\t<\/p>\n\t<p><span class=\"wpcf7-form-control-wrap\" data-name=\"your-name1\"><input size=\"40\" maxlength=\"400\" class=\"wpcf7-form-control wpcf7-text wpcf7-validates-as-required\" aria-required=\"true\" aria-invalid=\"false\" value=\"\" type=\"text\" name=\"your-name1\" \/><\/span>\n\t<\/p>\n\t<p><label for=\"your-email\">Email\u00ad-Adresse (Pflichtfeld)<\/label>\n\t<\/p>\n\t<p><span class=\"wpcf7-form-control-wrap\" data-name=\"your-email\"><input size=\"40\" maxlength=\"400\" class=\"wpcf7-form-control wpcf7-email wpcf7-validates-as-required wpcf7-text wpcf7-validates-as-email\" aria-required=\"true\" aria-invalid=\"false\" value=\"\" type=\"email\" name=\"your-email\" \/><\/span>\n\t<\/p>\n\n&nbsp\n\t<p><span class=\"wpcf7-form-control-wrap\" data-name=\"Kontaktdaten\"><span class=\"wpcf7-form-control wpcf7-acceptance\"><span class=\"wpcf7-list-item\"><input type=\"checkbox\" name=\"Kontaktdaten\" value=\"1\" aria-invalid=\"false\" \/><\/span><\/span><\/span> Ich erlaube hiermit, dass meine angef\u00fchrten Daten zum Zweck der Passwort\u00fcbermittlung vom Verband feministischer Wissenschafteri*nnen elektronisch verarbeitet werden. Ich kann diese Erlaubnis jederzeit unter dieser Email\u00ad-Adresse widerrufen: vfwkontakt@yahoo.com. Die Daten werden dann umgehend gel\u00f6scht.\n\t<\/p>\n\t<p><input class=\"wpcf7-form-control wpcf7-submit has-spinner\" type=\"submit\" value=\"Send\" \/>\n\t<\/p>\n<\/center>\n<\/form>\n<\/div>\n\n","protected":false},"excerpt":{"rendered":"<p>Schon Mitperson? Hier&nbsp;Passwort anfordern Mitpersonen k\u00f6nnen alle feministischen Wissenschafteri*nnen werden, die sich mit den Zielen des Verbands identifizieren, \u2022 &nbsp; unabh\u00e4ngig davon, wie sie f\u00fcr ihren Lebensunterhalt aufkommen und\u2022 &nbsp; [&hellip;]<\/p>\n","protected":false},"author":1,"featured_media":0,"parent":0,"menu_order":3,"comment_status":"closed","ping_status":"closed","template":"","meta":{"footnotes":"","_links_to":"","_links_to_target":""},"class_list":["post-117","page","type-page","status-publish","hentry"],"_links":{"self":[{"href":"https:\/\/vfw.or.at\/index.php\/wp-json\/wp\/v2\/pages\/117","targetHints":{"allow":["GET"]}}],"collection":[{"href":"https:\/\/vfw.or.at\/index.php\/wp-json\/wp\/v2\/pages"}],"about":[{"href":"https:\/\/vfw.or.at\/index.php\/wp-json\/wp\/v2\/types\/page"}],"author":[{"embeddable":true,"href":"https:\/\/vfw.or.at\/index.php\/wp-json\/wp\/v2\/users\/1"}],"replies":[{"embeddable":true,"href":"https:\/\/vfw.or.at\/index.php\/wp-json\/wp\/v2\/comments?post=117"}],"version-history":[{"count":93,"href":"https:\/\/vfw.or.at\/index.php\/wp-json\/wp\/v2\/pages\/117\/revisions"}],"predecessor-version":[{"id":6132,"href":"https:\/\/vfw.or.at\/index.php\/wp-json\/wp\/v2\/pages\/117\/revisions\/6132"}],"wp:attachment":[{"href":"https:\/\/vfw.or.at\/index.php\/wp-json\/wp\/v2\/media?parent=117"}],"curies":[{"name":"wp","href":"https:\/\/api.w.org\/{rel}","templated":true}]}}